{"id":5895,"date":"2019-09-04T13:32:55","date_gmt":"2019-09-04T11:32:55","guid":{"rendered":"https:\/\/www.memmert.be\/producten\/non%20class\u00e9\/universeel-oven-uf1060m\/"},"modified":"2022-08-12T14:21:02","modified_gmt":"2022-08-12T12:21:02","slug":"etuve-universelle-uf1060m","status":"publish","type":"product","link":"https:\/\/www.memmert.be\/fr\/produits\/equipement-medical\/etuve-universelle-um\/etuve-universelle-uf1060m\/","title":{"rendered":"\u00c9tuve universelle UF1060m"},"content":{"rendered":"<p>\u00c9tuve universelle UF1060m &#8211; L&rsquo;\u00e9tuve Um est un dispositif m\u00e9dical de classe I.<\/p>\n","protected":false},"excerpt":{"rendered":"<p>\u00c9tuve universelle UF1060m &#8211; L&rsquo;\u00e9tuve Um est un dispositif m\u00e9dical de classe I.<\/p>\n","protected":false},"featured_media":2109,"comment_status":"open","ping_status":"closed","template":"","meta":{"_acf_changed":false,"_exactmetrics_skip_tracking":false,"_exactmetrics_sitenote_active":false,"_exactmetrics_sitenote_note":"","_exactmetrics_sitenote_category":0},"product_brand":[],"product_cat":[215],"product_tag":[],"class_list":{"0":"post-5895","1":"product","2":"type-product","3":"status-publish","4":"has-post-thumbnail","6":"product_cat-etuve-universelle-um","8":"first","9":"instock","10":"shipping-taxable","11":"purchasable","12":"product-type-simple"},"acf":[],"_links":{"self":[{"href":"https:\/\/www.memmert.be\/fr\/wp-json\/wp\/v2\/product\/5895","targetHints":{"allow":["GET"]}}],"collection":[{"href":"https:\/\/www.memmert.be\/fr\/wp-json\/wp\/v2\/product"}],"about":[{"href":"https:\/\/www.memmert.be\/fr\/wp-json\/wp\/v2\/types\/product"}],"replies":[{"embeddable":true,"href":"https:\/\/www.memmert.be\/fr\/wp-json\/wp\/v2\/comments?post=5895"}],"version-history":[{"count":5,"href":"https:\/\/www.memmert.be\/fr\/wp-json\/wp\/v2\/product\/5895\/revisions"}],"predecessor-version":[{"id":42830,"href":"https:\/\/www.memmert.be\/fr\/wp-json\/wp\/v2\/product\/5895\/revisions\/42830"}],"wp:featuredmedia":[{"embeddable":true,"href":"https:\/\/www.memmert.be\/fr\/wp-json\/wp\/v2\/media\/2109"}],"wp:attachment":[{"href":"https:\/\/www.memmert.be\/fr\/wp-json\/wp\/v2\/media?parent=5895"}],"wp:term":[{"taxonomy":"product_brand","embeddable":true,"href":"https:\/\/www.memmert.be\/fr\/wp-json\/wp\/v2\/product_brand?post=5895"},{"taxonomy":"product_cat","embeddable":true,"href":"https:\/\/www.memmert.be\/fr\/wp-json\/wp\/v2\/product_cat?post=5895"},{"taxonomy":"product_tag","embeddable":true,"href":"https:\/\/www.memmert.be\/fr\/wp-json\/wp\/v2\/product_tag?post=5895"}],"curies":[{"name":"wp","href":"https:\/\/api.w.org\/{rel}","templated":true}]}}