{"id":5320,"date":"2019-09-10T17:44:24","date_gmt":"2019-09-10T15:44:24","guid":{"rendered":"https:\/\/www.memmert.be\/producten\/non%20class\u00e9\/memmert-sterilisator-sf160plus\/"},"modified":"2022-08-12T09:07:00","modified_gmt":"2022-08-12T07:07:00","slug":"memmert-sterilisateur-sf160plus","status":"publish","type":"product","link":"https:\/\/www.memmert.be\/fr\/produits\/equipement-medical\/sterilisateur-s\/memmert-sterilisateur-sf160plus\/","title":{"rendered":"Memmert St\u00e9rilisateur SF160plus"},"content":{"rendered":"<p>Memmert St\u00e9rilisateur SF160plus &#8211; St\u00e9rilisation plut\u00f4t que d\u00e9sinfection des r\u00e9cipients et des instruments en laboratoire. Un st\u00e9rilisateur \u00e0 air chaud prot\u00e8ge et pr\u00e9serve la vie dans le domaine m\u00e9dical.<\/p>\n","protected":false},"excerpt":{"rendered":"<p>Memmert St\u00e9rilisateur SF160plus &#8211; St\u00e9rilisation plut\u00f4t que d\u00e9sinfection des r\u00e9cipients et des instruments en laboratoire. Un st\u00e9rilisateur \u00e0 air chaud prot\u00e8ge et pr\u00e9serve la vie dans le domaine m\u00e9dical.<\/p>\n","protected":false},"featured_media":4625,"comment_status":"open","ping_status":"closed","template":"","meta":{"_acf_changed":false,"_exactmetrics_skip_tracking":false,"_exactmetrics_sitenote_active":false,"_exactmetrics_sitenote_note":"","_exactmetrics_sitenote_category":0},"product_brand":[],"product_cat":[213],"product_tag":[],"class_list":{"0":"post-5320","1":"product","2":"type-product","3":"status-publish","4":"has-post-thumbnail","6":"product_cat-sterilisateur-s","8":"first","9":"instock","10":"shipping-taxable","11":"purchasable","12":"product-type-simple"},"acf":[],"_links":{"self":[{"href":"https:\/\/www.memmert.be\/fr\/wp-json\/wp\/v2\/product\/5320","targetHints":{"allow":["GET"]}}],"collection":[{"href":"https:\/\/www.memmert.be\/fr\/wp-json\/wp\/v2\/product"}],"about":[{"href":"https:\/\/www.memmert.be\/fr\/wp-json\/wp\/v2\/types\/product"}],"replies":[{"embeddable":true,"href":"https:\/\/www.memmert.be\/fr\/wp-json\/wp\/v2\/comments?post=5320"}],"version-history":[{"count":5,"href":"https:\/\/www.memmert.be\/fr\/wp-json\/wp\/v2\/product\/5320\/revisions"}],"predecessor-version":[{"id":42439,"href":"https:\/\/www.memmert.be\/fr\/wp-json\/wp\/v2\/product\/5320\/revisions\/42439"}],"wp:featuredmedia":[{"embeddable":true,"href":"https:\/\/www.memmert.be\/fr\/wp-json\/wp\/v2\/media\/4625"}],"wp:attachment":[{"href":"https:\/\/www.memmert.be\/fr\/wp-json\/wp\/v2\/media?parent=5320"}],"wp:term":[{"taxonomy":"product_brand","embeddable":true,"href":"https:\/\/www.memmert.be\/fr\/wp-json\/wp\/v2\/product_brand?post=5320"},{"taxonomy":"product_cat","embeddable":true,"href":"https:\/\/www.memmert.be\/fr\/wp-json\/wp\/v2\/product_cat?post=5320"},{"taxonomy":"product_tag","embeddable":true,"href":"https:\/\/www.memmert.be\/fr\/wp-json\/wp\/v2\/product_tag?post=5320"}],"curies":[{"name":"wp","href":"https:\/\/api.w.org\/{rel}","templated":true}]}}