{"id":5173,"date":"2019-09-21T17:32:25","date_gmt":"2019-09-21T15:32:25","guid":{"rendered":"https:\/\/www.memmert.be\/pourquoi-memmert\/leader-dans-le-domaine-de-linnovation\/chauffage-complet-des-surfaces\/"},"modified":"2019-09-21T17:32:26","modified_gmt":"2019-09-21T15:32:26","slug":"chauffage-complet-des-surfaces","status":"publish","type":"page","link":"https:\/\/www.memmert.be\/fr\/pourquoi-memmert\/leader-dans-le-domaine-de-linnovation\/chauffage-complet-des-surfaces\/","title":{"rendered":"Chauffage complet des surfaces"},"content":{"rendered":"\t\t<div data-elementor-type=\"wp-post\" data-elementor-id=\"5173\" class=\"elementor elementor-5173 elementor-940\" data-elementor-post-type=\"page\">\n\t\t\t\t\t\t<section class=\"elementor-section elementor-top-section elementor-element elementor-element-b62b1ef elementor-section-boxed elementor-section-height-default elementor-section-height-default\" data-id=\"b62b1ef\" data-element_type=\"section\" data-e-type=\"section\">\n\t\t\t\t\t\t<div class=\"elementor-container elementor-column-gap-default\">\n\t\t\t\t\t<div class=\"elementor-column elementor-col-66 elementor-top-column elementor-element elementor-element-20fbf75\" data-id=\"20fbf75\" data-element_type=\"column\" data-e-type=\"column\">\n\t\t\t<div class=\"elementor-widget-wrap elementor-element-populated\">\n\t\t\t\t\t\t<div class=\"elementor-element elementor-element-3fd3a95 elementor-widget elementor-widget-heading\" data-id=\"3fd3a95\" data-element_type=\"widget\" data-e-type=\"widget\" data-widget_type=\"heading.default\">\n\t\t\t\t<div class=\"elementor-widget-container\">\n\t\t\t\t\t<h1 class=\"elementor-heading-title elementor-size-default\">Chauffage complet des surfaces pour une distribution optimale de la temp\u00e9rature<\/h1>\t\t\t\t<\/div>\n\t\t\t\t<\/div>\n\t\t\t\t<div class=\"elementor-element elementor-element-db396b8 elementor-widget elementor-widget-text-editor\" data-id=\"db396b8\" data-element_type=\"widget\" data-e-type=\"widget\" data-widget_type=\"text-editor.default\">\n\t\t\t\t<div class=\"elementor-widget-container\">\n\t\t\t\t\t\t\t\t\t<p><strong>Le syst\u00e8me de chauffage unique de Memmert, qui n&rsquo;a cess\u00e9 de se perfectionner au fil des d\u00e9cennies, repose sur un savoir-faire remarquable en mati\u00e8re de fabrication, ainsi que sur une excellente connaissance des mat\u00e9riaux. Les caissons int\u00e9rieurs des appareils, \u00e9labor\u00e9s en acier inoxydable selon un processus d&#8217;emboutissage profond enti\u00e8rement automatis\u00e9, constituent l&rsquo;\u00e9l\u00e9ment technique fondamental pour la mise en place en toute s\u00e9curit\u00e9 des \u00e9l\u00e9ments chauffants sur quatre parois int\u00e9rieures de l&rsquo;\u00e9tuve universelle U, de l&rsquo;incubateur I et du st\u00e9rilisateur S. La porte et la paroi int\u00e9rieure arri\u00e8re des incubateurs CO2 ICOmed ainsi que de l&rsquo;enceinte hygrom\u00e9trique HCP sont \u00e9galement dot\u00e9es d&rsquo;un \u00e9l\u00e9ment chauffant.<\/strong><\/p>\n\t\t\t\t\t\t\t\t<\/div>\n\t\t\t\t<\/div>\n\t\t\t\t<div class=\"elementor-element elementor-element-8158d98 elementor-widget elementor-widget-heading\" data-id=\"8158d98\" data-element_type=\"widget\" data-e-type=\"widget\" data-widget_type=\"heading.default\">\n\t\t\t\t<div class=\"elementor-widget-container\">\n\t\t\t\t\t<h3 class=\"elementor-heading-title elementor-size-default\">Les avantages imbattables du syst\u00e8me de chauffage de Memmert:<\/h3>\t\t\t\t<\/div>\n\t\t\t\t<\/div>\n\t\t\t\t<div class=\"elementor-element elementor-element-bc551f8 elementor-widget elementor-widget-text-editor\" data-id=\"bc551f8\" data-element_type=\"widget\" data-e-type=\"widget\" data-widget_type=\"text-editor.default\">\n\t\t\t\t<div class=\"elementor-widget-container\">\n\t\t\t\t\t\t\t\t\t<ul>\n<li>\u00c9l\u00e9ments chauffants prot\u00e9g\u00e9s tout en \u00e9tant positionn\u00e9s pr\u00e8s de l&rsquo;\u00e9l\u00e9ment de chargement<\/li>\n<li>Absence de corrosion ou d&rsquo;entartrage des \u00e9l\u00e9ments chauffants<\/li>\n<li>Caisson int\u00e9rieur facile d&rsquo;entretien, d\u00e8s lors qu&rsquo;il ne pr\u00e9sente aucun espace ou recoin difficile d&rsquo;acc\u00e8s<\/li>\n<li>Excellente performance en mati\u00e8re de transfert de chaleur et distribution de la temp\u00e9rature optimis\u00e9e gr\u00e2ce au contact direct entre les nervures chauffantes et le plateau<\/li>\n<li>Optimisation de la distribution de la temp\u00e9rature (m\u00eame en cas de chargement important) gr\u00e2ce aux \u00e9l\u00e9ments chauffants dispos\u00e9s sur le pourtour du caisson int\u00e9rieur<\/li>\n<li>Optimisation de l&rsquo;homog\u00e9n\u00e9it\u00e9 thermique et de la conservation de la chaleur (par exemple en cas de coupure d&rsquo;\u00e9lectricit\u00e9) gr\u00e2ce \u00e0 l&rsquo;excellente conductivit\u00e9 thermique des plaques d&rsquo;aluminium dispos\u00e9es sur la surface ext\u00e9rieure du caisson int\u00e9rieur<\/li>\n<li>Distribution et homog\u00e9n\u00e9it\u00e9 optimales de la temp\u00e9rature dans le caisson int\u00e9rieur reposant sur trois facteurs: conduction thermique par le mat\u00e9riau, radiation thermique des surfaces, ainsi que convection naturelle ou brassage forc\u00e9 de l&rsquo;air<\/li>\n<\/ul>\n\t\t\t\t\t\t\t\t<\/div>\n\t\t\t\t<\/div>\n\t\t\t\t<section class=\"elementor-section elementor-inner-section elementor-element elementor-element-278273e elementor-section-boxed elementor-section-height-default elementor-section-height-default\" data-id=\"278273e\" data-element_type=\"section\" data-e-type=\"section\">\n\t\t\t\t\t\t<div class=\"elementor-container elementor-column-gap-default\">\n\t\t\t\t\t<div class=\"elementor-column elementor-col-50 elementor-inner-column elementor-element elementor-element-c34a2df\" data-id=\"c34a2df\" data-element_type=\"column\" data-e-type=\"column\">\n\t\t\t<div class=\"elementor-widget-wrap elementor-element-populated\">\n\t\t\t\t\t\t<div class=\"elementor-element elementor-element-c03a5b8 elementor-widget elementor-widget-image\" data-id=\"c03a5b8\" data-element_type=\"widget\" data-e-type=\"widget\" data-widget_type=\"image.default\">\n\t\t\t\t<div class=\"elementor-widget-container\">\n\t\t\t\t\t\t\t\t\t\t\t\t\t\t\t<img fetchpriority=\"high\" decoding=\"async\" width=\"720\" height=\"718\" src=\"https:\/\/www.memmert.be\/wp-content\/uploads\/2019\/07\/memmert-convection-fan.png\" class=\"attachment-large size-large wp-image-944\" alt=\"\" srcset=\"https:\/\/www.memmert.be\/wp-content\/uploads\/2019\/07\/memmert-convection-fan.png 720w, https:\/\/www.memmert.be\/wp-content\/uploads\/2019\/07\/memmert-convection-fan-150x150.png 150w, https:\/\/www.memmert.be\/wp-content\/uploads\/2019\/07\/memmert-convection-fan-300x300.png 300w, https:\/\/www.memmert.be\/wp-content\/uploads\/2019\/07\/memmert-convection-fan-600x598.png 600w, https:\/\/www.memmert.be\/wp-content\/uploads\/2019\/07\/memmert-convection-fan-100x100.png 100w\" sizes=\"(max-width: 720px) 100vw, 720px\" \/>\t\t\t\t\t\t\t\t\t\t\t\t\t\t\t<\/div>\n\t\t\t\t<\/div>\n\t\t\t\t<div class=\"elementor-element elementor-element-f525545 elementor-widget elementor-widget-heading\" data-id=\"f525545\" data-element_type=\"widget\" data-e-type=\"widget\" data-widget_type=\"heading.default\">\n\t\t\t\t<div class=\"elementor-widget-container\">\n\t\t\t\t\t<p class=\"elementor-heading-title elementor-size-default\">D\u00e9bit d\u2019air- avec circulation d'air forc\u00e9e par ventilation<\/p>\t\t\t\t<\/div>\n\t\t\t\t<\/div>\n\t\t\t\t\t<\/div>\n\t\t<\/div>\n\t\t\t\t<div class=\"elementor-column elementor-col-50 elementor-inner-column elementor-element elementor-element-c1b69c4\" data-id=\"c1b69c4\" data-element_type=\"column\" data-e-type=\"column\">\n\t\t\t<div class=\"elementor-widget-wrap elementor-element-populated\">\n\t\t\t\t\t\t<div class=\"elementor-element elementor-element-b927197 elementor-widget elementor-widget-image\" data-id=\"b927197\" data-element_type=\"widget\" data-e-type=\"widget\" data-widget_type=\"image.default\">\n\t\t\t\t<div class=\"elementor-widget-container\">\n\t\t\t\t\t\t\t\t\t\t\t\t\t\t\t<img decoding=\"async\" width=\"720\" height=\"720\" src=\"https:\/\/www.memmert.be\/wp-content\/uploads\/2019\/07\/memmert-convection-natural.png\" class=\"attachment-large size-large wp-image-947\" alt=\"\" srcset=\"https:\/\/www.memmert.be\/wp-content\/uploads\/2019\/07\/memmert-convection-natural.png 720w, https:\/\/www.memmert.be\/wp-content\/uploads\/2019\/07\/memmert-convection-natural-150x150.png 150w, https:\/\/www.memmert.be\/wp-content\/uploads\/2019\/07\/memmert-convection-natural-300x300.png 300w, https:\/\/www.memmert.be\/wp-content\/uploads\/2019\/07\/memmert-convection-natural-600x600.png 600w, https:\/\/www.memmert.be\/wp-content\/uploads\/2019\/07\/memmert-convection-natural-100x100.png 100w\" sizes=\"(max-width: 720px) 100vw, 720px\" \/>\t\t\t\t\t\t\t\t\t\t\t\t\t\t\t<\/div>\n\t\t\t\t<\/div>\n\t\t\t\t<div class=\"elementor-element elementor-element-637638f elementor-widget elementor-widget-heading\" data-id=\"637638f\" data-element_type=\"widget\" data-e-type=\"widget\" data-widget_type=\"heading.default\">\n\t\t\t\t<div class=\"elementor-widget-container\">\n\t\t\t\t\t<p class=\"elementor-heading-title elementor-size-default\">D\u00e9bit d\u2019air avec convection naturelle<\/p>\t\t\t\t<\/div>\n\t\t\t\t<\/div>\n\t\t\t\t\t<\/div>\n\t\t<\/div>\n\t\t\t\t\t<\/div>\n\t\t<\/section>\n\t\t\t\t<div class=\"elementor-element elementor-element-2067486 elementor-widget elementor-widget-heading\" data-id=\"2067486\" data-element_type=\"widget\" data-e-type=\"widget\" data-widget_type=\"heading.default\">\n\t\t\t\t<div class=\"elementor-widget-container\">\n\t\t\t\t\t<h3 class=\"elementor-heading-title elementor-size-default\">Des performances in\u00e9gal\u00e9es m\u00eame dans les bains-marie et les bains d'huile<\/h3>\t\t\t\t<\/div>\n\t\t\t\t<\/div>\n\t\t\t\t<section class=\"elementor-section elementor-inner-section elementor-element elementor-element-8316474 elementor-section-boxed elementor-section-height-default elementor-section-height-default\" data-id=\"8316474\" data-element_type=\"section\" data-e-type=\"section\">\n\t\t\t\t\t\t<div class=\"elementor-container elementor-column-gap-default\">\n\t\t\t\t\t<div class=\"elementor-column elementor-col-33 elementor-inner-column elementor-element elementor-element-99ccb0b\" data-id=\"99ccb0b\" data-element_type=\"column\" data-e-type=\"column\">\n\t\t\t<div class=\"elementor-widget-wrap elementor-element-populated\">\n\t\t\t\t\t\t<div class=\"elementor-element elementor-element-7ba7fac elementor-widget elementor-widget-image\" data-id=\"7ba7fac\" data-element_type=\"widget\" data-e-type=\"widget\" data-widget_type=\"image.default\">\n\t\t\t\t<div class=\"elementor-widget-container\">\n\t\t\t\t\t\t\t\t\t\t\t\t\t\t\t<img decoding=\"async\" width=\"575\" height=\"400\" src=\"https:\/\/www.memmert.be\/wp-content\/uploads\/2019\/07\/memmert-heating-bath.jpg\" class=\"attachment-large size-large wp-image-950\" alt=\"\" srcset=\"https:\/\/www.memmert.be\/wp-content\/uploads\/2019\/07\/memmert-heating-bath.jpg 575w, https:\/\/www.memmert.be\/wp-content\/uploads\/2019\/07\/memmert-heating-bath-300x209.jpg 300w\" sizes=\"(max-width: 575px) 100vw, 575px\" \/>\t\t\t\t\t\t\t\t\t\t\t\t\t\t\t<\/div>\n\t\t\t\t<\/div>\n\t\t\t\t<div class=\"elementor-element elementor-element-c160ca4 elementor-widget elementor-widget-heading\" data-id=\"c160ca4\" data-element_type=\"widget\" data-e-type=\"widget\" data-widget_type=\"heading.default\">\n\t\t\t\t<div class=\"elementor-widget-container\">\n\t\t\t\t\t<p class=\"elementor-heading-title elementor-size-default\">Homog\u00e9n\u00e9it\u00e9 thermique optimale dans le bain chauffant (bain d'huile et bain-marie)<\/p>\t\t\t\t<\/div>\n\t\t\t\t<\/div>\n\t\t\t\t\t<\/div>\n\t\t<\/div>\n\t\t\t\t<div class=\"elementor-column elementor-col-66 elementor-inner-column elementor-element elementor-element-d9d2bc3\" data-id=\"d9d2bc3\" data-element_type=\"column\" data-e-type=\"column\">\n\t\t\t<div class=\"elementor-widget-wrap elementor-element-populated\">\n\t\t\t\t\t\t<div class=\"elementor-element elementor-element-9b90342 elementor-widget elementor-widget-text-editor\" data-id=\"9b90342\" data-element_type=\"widget\" data-e-type=\"widget\" data-widget_type=\"text-editor.default\">\n\t\t\t\t<div class=\"elementor-widget-container\">\n\t\t\t\t\t\t\t\t\t<p>M\u00eame dans le bain chauffant, les \u00e9l\u00e9ments chauffants sont prot\u00e9g\u00e9s de l&rsquo;humidit\u00e9 et des risques d&rsquo;entartrage par des nervures con\u00e7ues selon un proc\u00e9d\u00e9 d&#8217;emboutissage profond.<\/p>\n<p>Ce type de construction (\u00e9l\u00e9ments chauffants dispos\u00e9s \u00e0 la base de l&rsquo;appareil et dans les parois lat\u00e9rales) g\u00e9n\u00e8re un ph\u00e9nom\u00e8ne de vorticit\u00e9 naturel, ainsi qu&rsquo;une r\u00e9partition optimale de la temp\u00e9rature dans le bain-marie ou le bain d&rsquo;huile.<\/p>\n\t\t\t\t\t\t\t\t<\/div>\n\t\t\t\t<\/div>\n\t\t\t\t\t<\/div>\n\t\t<\/div>\n\t\t\t\t\t<\/div>\n\t\t<\/section>\n\t\t\t\t\t<\/div>\n\t\t<\/div>\n\t\t\t\t<div class=\"elementor-column elementor-col-33 elementor-top-column elementor-element elementor-element-12a41b9\" data-id=\"12a41b9\" data-element_type=\"column\" data-e-type=\"column\">\n\t\t\t<div class=\"elementor-widget-wrap elementor-element-populated\">\n\t\t\t\t\t\t<div class=\"elementor-element elementor-element-2f3c737 nav-sub elementor-widget elementor-widget-global elementor-global-39658 elementor-global-580 elementor-widget-wp-widget-nav_menu\" data-id=\"2f3c737\" data-element_type=\"widget\" data-e-type=\"widget\" data-widget_type=\"wp-widget-nav_menu.default\">\n\t\t\t\t<div class=\"elementor-widget-container\">\n\t\t\t\t\t<h5>Waarom Memmert<\/h5><nav class=\"menu-pourquoi-memmert-container\" aria-label=\"Waarom Memmert\"><ul id=\"menu-pourquoi-memmert\" class=\"menu\"><li id=\"menu-item-5250\" class=\"menu-item menu-item-type-post_type menu-item-object-page menu-item-has-children menu-item-5250\"><a href=\"https:\/\/www.memmert.be\/fr\/pourquoi-memmert\/societe-avec-tradition\/\">Soci\u00e9t\u00e9 avec tradition<\/a>\n<ul class=\"sub-menu\">\n\t<li id=\"menu-item-5252\" class=\"menu-item menu-item-type-post_type menu-item-object-page menu-item-5252\"><a href=\"https:\/\/www.memmert.be\/fr\/pourquoi-memmert\/societe-avec-tradition\/histoire\/\">Histoire<\/a><\/li>\n\t<li id=\"menu-item-5253\" class=\"menu-item menu-item-type-post_type menu-item-object-page menu-item-5253\"><a href=\"https:\/\/www.memmert.be\/fr\/pourquoi-memmert\/societe-avec-tradition\/notre-mission\/\">Notre mission<\/a><\/li>\n\t<li id=\"menu-item-5254\" class=\"menu-item menu-item-type-post_type menu-item-object-page menu-item-has-children menu-item-5254\"><a href=\"https:\/\/www.memmert.be\/fr\/pourquoi-memmert\/societe-avec-tradition\/qualite\/\">Qualit\u00e9<\/a>\n\t<ul class=\"sub-menu\">\n\t\t<li id=\"menu-item-5255\" class=\"menu-item menu-item-type-post_type menu-item-object-page menu-item-5255\"><a href=\"https:\/\/www.memmert.be\/fr\/pourquoi-memmert\/societe-avec-tradition\/qualite\/validation-sterilisateur\/\">Validation St\u00e9rilisateur<\/a><\/li>\n\t\t<li id=\"menu-item-5256\" class=\"menu-item menu-item-type-post_type menu-item-object-page menu-item-5256\"><a href=\"https:\/\/www.memmert.be\/fr\/pourquoi-memmert\/societe-avec-tradition\/qualite\/din-12880\/\">DIN 12880<\/a><\/li>\n\t\t<li id=\"menu-item-5257\" class=\"menu-item menu-item-type-post_type menu-item-object-page menu-item-5257\"><a href=\"https:\/\/www.memmert.be\/fr\/pourquoi-memmert\/societe-avec-tradition\/qualite\/tests-de-qualite\/\">Tests de qualit\u00e9<\/a><\/li>\n\t<\/ul>\n<\/li>\n<\/ul>\n<\/li>\n<li id=\"menu-item-5258\" class=\"menu-item menu-item-type-post_type menu-item-object-page menu-item-5258\"><a href=\"https:\/\/www.memmert.be\/fr\/pourquoi-memmert\/myatmosafe\/\">myAtmoSAFE<\/a><\/li>\n<li id=\"menu-item-5259\" class=\"menu-item menu-item-type-post_type menu-item-object-page menu-item-5259\"><a href=\"https:\/\/www.memmert.be\/fr\/pourquoi-memmert\/5-bonnes-raisons\/\">5 bonnes raisons<\/a><\/li>\n<li id=\"menu-item-5260\" class=\"menu-item menu-item-type-post_type menu-item-object-page menu-item-has-children menu-item-5260\"><a href=\"https:\/\/www.memmert.be\/fr\/pourquoi-memmert\/leader-dans-le-domaine-de-linnovation\/\">Leader dans le domaine de l&rsquo;innovation<\/a>\n<ul class=\"sub-menu\">\n\t<li id=\"menu-item-39726\" class=\"menu-item menu-item-type-post_type menu-item-object-page menu-item-39726\"><a href=\"https:\/\/www.memmert.be\/fr\/comparaison-des-technologies-peltier-a-compresseur\/\">Comparaison des technologies Peltier \u00e0 compresseur<\/a><\/li>\n\t<li id=\"menu-item-5264\" class=\"menu-item menu-item-type-post_type menu-item-object-page menu-item-5264\"><a href=\"https:\/\/www.memmert.be\/fr\/pourquoi-memmert\/leader-dans-le-domaine-de-linnovation\/single-twindisplay\/\">Single\/TwinDISPLAY<\/a><\/li>\n\t<li id=\"menu-item-5263\" class=\"menu-item menu-item-type-post_type menu-item-object-page menu-item-5263\"><a href=\"https:\/\/www.memmert.be\/fr\/pourquoi-memmert\/leader-dans-le-domaine-de-linnovation\/atmocontrol\/\">AtmoCONTROL<\/a><\/li>\n\t<li id=\"menu-item-5262\" class=\"menu-item menu-item-type-post_type menu-item-object-page menu-item-5262\"><a href=\"https:\/\/www.memmert.be\/fr\/pourquoi-memmert\/leader-dans-le-domaine-de-linnovation\/chauffage-complet-des-surfaces\/\">Chauffage complet des surfaces<\/a><\/li>\n\t<li id=\"menu-item-5261\" class=\"menu-item menu-item-type-post_type menu-item-object-page menu-item-5261\"><a href=\"https:\/\/www.memmert.be\/fr\/pourquoi-memmert\/leader-dans-le-domaine-de-linnovation\/concept-de-chauffage-direct-avec-le-modele-vo\/\">Concept de chauffage direct avec le mod\u00e8le VO<\/a><\/li>\n\t<li id=\"menu-item-5265\" class=\"menu-item menu-item-type-post_type menu-item-object-page menu-item-5265\"><a href=\"https:\/\/www.memmert.be\/fr\/pourquoi-memmert\/leader-dans-le-domaine-de-linnovation\/fluide-frigorigene-respectueux-du-climat-co2-r744\/\">Fluide frigorig\u00e8ne respectueux du climat CO2 (R744)<\/a><\/li>\n\t<li id=\"menu-item-5266\" class=\"menu-item menu-item-type-post_type menu-item-object-page menu-item-5266\"><a href=\"https:\/\/www.memmert.be\/fr\/pourquoi-memmert\/leader-dans-le-domaine-de-linnovation\/concept-de-chauffage-peltier\/\">Concept de chauffage Peltier<\/a><\/li>\n\t<li id=\"menu-item-5267\" class=\"menu-item menu-item-type-post_type menu-item-object-page menu-item-5267\"><a href=\"https:\/\/www.memmert.be\/fr\/pourquoi-memmert\/leader-dans-le-domaine-de-linnovation\/concept-de-chauffage-par-manteau-dair\/\">Concept de chauffage par manteau d&rsquo;air<\/a><\/li>\n\t<li id=\"menu-item-5268\" class=\"menu-item menu-item-type-post_type menu-item-object-page menu-item-5268\"><a href=\"https:\/\/www.memmert.be\/fr\/pourquoi-memmert\/leader-dans-le-domaine-de-linnovation\/celsius\/\">Celsius<\/a><\/li>\n\t<li id=\"menu-item-5269\" class=\"menu-item menu-item-type-post_type menu-item-object-page menu-item-5269\"><a href=\"https:\/\/www.memmert.be\/fr\/pourquoi-memmert\/leader-dans-le-domaine-de-linnovation\/cartes-a-puce\/\">Cartes \u00e0 puce<\/a><\/li>\n\t<li id=\"menu-item-5270\" class=\"menu-item menu-item-type-post_type menu-item-object-page menu-item-5270\"><a href=\"https:\/\/www.memmert.be\/fr\/pourquoi-memmert\/leader-dans-le-domaine-de-linnovation\/iq-oq-pq\/\">IQ\/OQ\/PQ<\/a><\/li>\n<\/ul>\n<\/li>\n<\/ul><\/nav>\t\t\t\t<\/div>\n\t\t\t\t<\/div>\n\t\t\t\t\t<\/div>\n\t\t<\/div>\n\t\t\t\t\t<\/div>\n\t\t<\/section>\n\t\t\t\t<\/div>\n\t\t","protected":false},"excerpt":{"rendered":"<p>Chauffage complet des surfaces pour une distribution optimale de la temp\u00e9rature Le syst\u00e8me de chauffage unique de Memmert, qui n&rsquo;a cess\u00e9 de se perfectionner au fil des d\u00e9cennies, repose sur un savoir-faire remarquable en mati\u00e8re de fabrication, ainsi que sur [&hellip;]<\/p>\n","protected":false},"author":1,"featured_media":0,"parent":4868,"menu_order":0,"comment_status":"closed","ping_status":"closed","template":"","meta":{"_acf_changed":false,"_exactmetrics_skip_tracking":false,"_exactmetrics_sitenote_active":false,"_exactmetrics_sitenote_note":"","_exactmetrics_sitenote_category":0,"footnotes":""},"class_list":["post-5173","page","type-page","status-publish","hentry"],"acf":[],"_links":{"self":[{"href":"https:\/\/www.memmert.be\/fr\/wp-json\/wp\/v2\/pages\/5173","targetHints":{"allow":["GET"]}}],"collection":[{"href":"https:\/\/www.memmert.be\/fr\/wp-json\/wp\/v2\/pages"}],"about":[{"href":"https:\/\/www.memmert.be\/fr\/wp-json\/wp\/v2\/types\/page"}],"author":[{"embeddable":true,"href":"https:\/\/www.memmert.be\/fr\/wp-json\/wp\/v2\/users\/1"}],"replies":[{"embeddable":true,"href":"https:\/\/www.memmert.be\/fr\/wp-json\/wp\/v2\/comments?post=5173"}],"version-history":[{"count":1,"href":"https:\/\/www.memmert.be\/fr\/wp-json\/wp\/v2\/pages\/5173\/revisions"}],"predecessor-version":[{"id":5174,"href":"https:\/\/www.memmert.be\/fr\/wp-json\/wp\/v2\/pages\/5173\/revisions\/5174"}],"up":[{"embeddable":true,"href":"https:\/\/www.memmert.be\/fr\/wp-json\/wp\/v2\/pages\/4868"}],"wp:attachment":[{"href":"https:\/\/www.memmert.be\/fr\/wp-json\/wp\/v2\/media?parent=5173"}],"curies":[{"name":"wp","href":"https:\/\/api.w.org\/{rel}","templated":true}]}}