{"id":5161,"date":"2019-09-21T17:17:59","date_gmt":"2019-09-21T15:17:59","guid":{"rendered":"https:\/\/www.memmert.be\/pourquoi-memmert\/societe-avec-tradition\/histoire\/"},"modified":"2019-09-21T17:18:00","modified_gmt":"2019-09-21T15:18:00","slug":"histoire","status":"publish","type":"page","link":"https:\/\/www.memmert.be\/fr\/pourquoi-memmert\/societe-avec-tradition\/histoire\/","title":{"rendered":"Histoire"},"content":{"rendered":"\t\t<div data-elementor-type=\"wp-post\" data-elementor-id=\"5161\" class=\"elementor elementor-5161 elementor-571\" data-elementor-post-type=\"page\">\n\t\t\t\t\t\t<section class=\"elementor-section elementor-top-section elementor-element elementor-element-c17d060 elementor-section-boxed elementor-section-height-default elementor-section-height-default\" data-id=\"c17d060\" data-element_type=\"section\" data-e-type=\"section\">\n\t\t\t\t\t\t<div class=\"elementor-container elementor-column-gap-default\">\n\t\t\t\t\t<div class=\"elementor-column elementor-col-66 elementor-top-column elementor-element elementor-element-fe70123\" data-id=\"fe70123\" data-element_type=\"column\" data-e-type=\"column\">\n\t\t\t<div class=\"elementor-widget-wrap elementor-element-populated\">\n\t\t\t\t\t\t<div class=\"elementor-element elementor-element-6b73c6a elementor-widget elementor-widget-heading\" data-id=\"6b73c6a\" data-element_type=\"widget\" data-e-type=\"widget\" data-widget_type=\"heading.default\">\n\t\t\t\t<div class=\"elementor-widget-container\">\n\t\t\t\t\t<h1 class=\"elementor-heading-title elementor-size-default\">L'histoire de Memmert, une histoire de succ\u00e8s<\/h1>\t\t\t\t<\/div>\n\t\t\t\t<\/div>\n\t\t\t\t<div class=\"elementor-element elementor-element-76c747c elementor-widget elementor-widget-text-editor\" data-id=\"76c747c\" data-element_type=\"widget\" data-e-type=\"widget\" data-widget_type=\"text-editor.default\">\n\t\t\t\t<div class=\"elementor-widget-container\">\n\t\t\t\t\t\t\t\t\t<p><strong>Actif dans le monde entier, il encourage toujours l&rsquo;innovation, tout en s&rsquo;engageant dans la tradition et la responsabilit\u00e9 envers les clients, les employ\u00e9s et l&rsquo;environnement : Cette philosophie d&rsquo;entreprise v\u00e9cue par le fondateur Willi Memmert est le secret du succ\u00e8s de Memmert.<\/strong><\/p>\n\t\t\t\t\t\t\t\t<\/div>\n\t\t\t\t<\/div>\n\t\t\t\t<section class=\"elementor-section elementor-inner-section elementor-element elementor-element-11f6836 elementor-section-boxed elementor-section-height-default elementor-section-height-default\" data-id=\"11f6836\" data-element_type=\"section\" data-e-type=\"section\">\n\t\t\t\t\t\t<div class=\"elementor-container elementor-column-gap-default\">\n\t\t\t\t\t<div class=\"elementor-column elementor-col-33 elementor-inner-column elementor-element elementor-element-a83810d\" data-id=\"a83810d\" data-element_type=\"column\" data-e-type=\"column\">\n\t\t\t<div class=\"elementor-widget-wrap elementor-element-populated\">\n\t\t\t\t\t\t<div class=\"elementor-element elementor-element-411835f elementor-widget elementor-widget-image\" data-id=\"411835f\" data-element_type=\"widget\" data-e-type=\"widget\" data-widget_type=\"image.default\">\n\t\t\t\t<div class=\"elementor-widget-container\">\n\t\t\t\t\t\t\t\t\t\t\t\t\t\t\t<img fetchpriority=\"high\" decoding=\"async\" width=\"277\" height=\"400\" src=\"https:\/\/www.memmert.be\/wp-content\/uploads\/2019\/07\/willi-memmert.jpg\" class=\"attachment-large size-large wp-image-880\" alt=\"\" srcset=\"https:\/\/www.memmert.be\/wp-content\/uploads\/2019\/07\/willi-memmert.jpg 277w, https:\/\/www.memmert.be\/wp-content\/uploads\/2019\/07\/willi-memmert-208x300.jpg 208w\" sizes=\"(max-width: 277px) 100vw, 277px\" \/>\t\t\t\t\t\t\t\t\t\t\t\t\t\t\t<\/div>\n\t\t\t\t<\/div>\n\t\t\t\t<div class=\"elementor-element elementor-element-63e7806 elementor-widget elementor-widget-text-editor\" data-id=\"63e7806\" data-element_type=\"widget\" data-e-type=\"widget\" data-widget_type=\"text-editor.default\">\n\t\t\t\t<div class=\"elementor-widget-container\">\n\t\t\t\t\t\t\t\t\t<p>Fondateur Willi Memmert<\/p>\n\t\t\t\t\t\t\t\t<\/div>\n\t\t\t\t<\/div>\n\t\t\t\t\t<\/div>\n\t\t<\/div>\n\t\t\t\t<div class=\"elementor-column elementor-col-66 elementor-inner-column elementor-element elementor-element-009cafd\" data-id=\"009cafd\" data-element_type=\"column\" data-e-type=\"column\">\n\t\t\t<div class=\"elementor-widget-wrap elementor-element-populated\">\n\t\t\t\t\t\t<div class=\"elementor-element elementor-element-c37f830 elementor-widget elementor-widget-heading\" data-id=\"c37f830\" data-element_type=\"widget\" data-e-type=\"widget\" data-widget_type=\"heading.default\">\n\t\t\t\t<div class=\"elementor-widget-container\">\n\t\t\t\t\t<h3 class=\"elementor-heading-title elementor-size-default\">Willi Memmert - un entrepreneur de l'apr\u00e8s-guerre<\/h3>\t\t\t\t<\/div>\n\t\t\t\t<\/div>\n\t\t\t\t<div class=\"elementor-element elementor-element-a02393c elementor-widget elementor-widget-text-editor\" data-id=\"a02393c\" data-element_type=\"widget\" data-e-type=\"widget\" data-widget_type=\"text-editor.default\">\n\t\t\t\t<div class=\"elementor-widget-container\">\n\t\t\t\t\t\t\t\t\t<p>Lorsqu&rsquo;en 1947, la Croix-Rouge a command\u00e9 un st\u00e9rilisateur \u00e0 air chaud pour \u00e9viter le danger des infections et des \u00e9pid\u00e9mies, Willi Memmert, ing\u00e9nieur \u00e9lectricien, a prouv\u00e9 son talent. En ces temps de difficult\u00e9s \u00e9conomiques, il trouve le mat\u00e9riau parfait pour sa premi\u00e8re chambre de thermor\u00e9gulation Aeolus : de l&rsquo;aluminium recycl\u00e9 provenant de pi\u00e8ces d&rsquo;avion anciennes.<\/p>\n<p>Willi Memmert a fait de l&rsquo;Aeolus l&rsquo;un des succ\u00e8s typiques des ann\u00e9es du miracle \u00e9conomique. En tr\u00e8s peu de temps, il a apport\u00e9 d&rsquo;autres mod\u00e8les \u00e0 la cha\u00eene de production et les a distribu\u00e9s au-del\u00e0 des fronti\u00e8res de son march\u00e9 national.<\/p>\n<p>Quelques ann\u00e9es plus tard, des livraisons dans le monde entier ont \u00e9t\u00e9 exp\u00e9di\u00e9es \u00e0 partir du nouveau si\u00e8ge social construit dans le sud de l&rsquo;Allemagne. Lorsque la capacit\u00e9 de production de l&rsquo;usine principale n&rsquo;\u00e9tait plus suffisante, Memmert a construit une autre usine en 1974 \u00e0 B\u00fcchenbach. Les exigences id\u00e9ales pour la profondeur de fabrication impressionnante et en m\u00eame temps la garantie d&rsquo;une qualit\u00e9 de produit \u00e9lev\u00e9e \u00e9taient maintenant cr\u00e9\u00e9es. Aujourd&rsquo;hui, la valeur ajout\u00e9e interne est encore sup\u00e9rieure \u00e0 90 %.<\/p>\n\t\t\t\t\t\t\t\t<\/div>\n\t\t\t\t<\/div>\n\t\t\t\t\t<\/div>\n\t\t<\/div>\n\t\t\t\t\t<\/div>\n\t\t<\/section>\n\t\t\t\t<section class=\"elementor-section elementor-inner-section elementor-element elementor-element-3df1bc1 elementor-section-boxed elementor-section-height-default elementor-section-height-default\" data-id=\"3df1bc1\" data-element_type=\"section\" data-e-type=\"section\">\n\t\t\t\t\t\t<div class=\"elementor-container elementor-column-gap-default\">\n\t\t\t\t\t<div class=\"elementor-column elementor-col-33 elementor-inner-column elementor-element elementor-element-d698c4e\" data-id=\"d698c4e\" data-element_type=\"column\" data-e-type=\"column\">\n\t\t\t<div class=\"elementor-widget-wrap elementor-element-populated\">\n\t\t\t\t\t\t<div class=\"elementor-element elementor-element-01000bd elementor-widget elementor-widget-image\" data-id=\"01000bd\" data-element_type=\"widget\" data-e-type=\"widget\" data-widget_type=\"image.default\">\n\t\t\t\t<div class=\"elementor-widget-container\">\n\t\t\t\t\t\t\t\t\t\t\t\t\t\t\t<img decoding=\"async\" width=\"321\" height=\"400\" src=\"https:\/\/www.memmert.be\/wp-content\/uploads\/2019\/07\/memmert-peter-grete-riefler.jpg\" class=\"attachment-large size-large wp-image-885\" alt=\"\" srcset=\"https:\/\/www.memmert.be\/wp-content\/uploads\/2019\/07\/memmert-peter-grete-riefler.jpg 321w, https:\/\/www.memmert.be\/wp-content\/uploads\/2019\/07\/memmert-peter-grete-riefler-241x300.jpg 241w\" sizes=\"(max-width: 321px) 100vw, 321px\" \/>\t\t\t\t\t\t\t\t\t\t\t\t\t\t\t<\/div>\n\t\t\t\t<\/div>\n\t\t\t\t<div class=\"elementor-element elementor-element-dc14341 elementor-widget elementor-widget-text-editor\" data-id=\"dc14341\" data-element_type=\"widget\" data-e-type=\"widget\" data-widget_type=\"text-editor.default\">\n\t\t\t\t<div class=\"elementor-widget-container\">\n\t\t\t\t\t\t\t\t\t<p>Peter Riefler &amp; Grete Memmert Riefler<\/p>\n\t\t\t\t\t\t\t\t<\/div>\n\t\t\t\t<\/div>\n\t\t\t\t\t<\/div>\n\t\t<\/div>\n\t\t\t\t<div class=\"elementor-column elementor-col-66 elementor-inner-column elementor-element elementor-element-d93a1e0\" data-id=\"d93a1e0\" data-element_type=\"column\" data-e-type=\"column\">\n\t\t\t<div class=\"elementor-widget-wrap elementor-element-populated\">\n\t\t\t\t\t\t<div class=\"elementor-element elementor-element-b73c5b6 elementor-widget elementor-widget-heading\" data-id=\"b73c5b6\" data-element_type=\"widget\" data-e-type=\"widget\" data-widget_type=\"heading.default\">\n\t\t\t\t<div class=\"elementor-widget-container\">\n\t\t\t\t\t<h3 class=\"elementor-heading-title elementor-size-default\">Memmert entre dans le nouveau mill\u00e9naire<\/h3>\t\t\t\t<\/div>\n\t\t\t\t<\/div>\n\t\t\t\t<div class=\"elementor-element elementor-element-fe8a152 elementor-widget elementor-widget-text-editor\" data-id=\"fe8a152\" data-element_type=\"widget\" data-e-type=\"widget\" data-widget_type=\"text-editor.default\">\n\t\t\t\t<div class=\"elementor-widget-container\">\n\t\t\t\t\t\t\t\t\t<p>En 1976, apr\u00e8s le d\u00e9c\u00e8s soudain et accidentel de Willi Memmert, Grete Memmert Riefler et Peter Riefler ont repris la direction. Fid\u00e8les \u00e0 la tradition du fondateur, ils ont \u00e9galement mis l&rsquo;accent sur l&rsquo;exportation et l&rsquo;\u00e9largissement des contacts personnels, en particulier sur le continent asiatique. Cependant, sous leur direction, d&rsquo;autres jalons technologiques ont \u00e9galement \u00e9t\u00e9 pos\u00e9s : Le premier contr\u00f4leur \u00e9lectronique, l&rsquo;introduction des appareils Peltier et la g\u00e9n\u00e9ration 2003 ont \u00e9t\u00e9 un bon d\u00e9but pour Memmert dans le nouveau mill\u00e9naire.<\/p>\n\t\t\t\t\t\t\t\t<\/div>\n\t\t\t\t<\/div>\n\t\t\t\t\t<\/div>\n\t\t<\/div>\n\t\t\t\t\t<\/div>\n\t\t<\/section>\n\t\t\t\t<section class=\"elementor-section elementor-inner-section elementor-element elementor-element-517ec9e elementor-section-boxed elementor-section-height-default elementor-section-height-default\" data-id=\"517ec9e\" data-element_type=\"section\" data-e-type=\"section\">\n\t\t\t\t\t\t<div class=\"elementor-container elementor-column-gap-default\">\n\t\t\t\t\t<div class=\"elementor-column elementor-col-33 elementor-inner-column elementor-element elementor-element-31548c2\" data-id=\"31548c2\" data-element_type=\"column\" data-e-type=\"column\">\n\t\t\t<div class=\"elementor-widget-wrap elementor-element-populated\">\n\t\t\t\t\t\t<div class=\"elementor-element elementor-element-888dafd elementor-widget elementor-widget-image\" data-id=\"888dafd\" data-element_type=\"widget\" data-e-type=\"widget\" data-widget_type=\"image.default\">\n\t\t\t\t<div class=\"elementor-widget-container\">\n\t\t\t\t\t\t\t\t\t\t\t\t\t\t\t<img decoding=\"async\" width=\"283\" height=\"400\" src=\"https:\/\/www.memmert.be\/wp-content\/uploads\/2019\/07\/memmert-christiane-riefler-karpa.jpg\" class=\"attachment-large size-large wp-image-888\" alt=\"\" srcset=\"https:\/\/www.memmert.be\/wp-content\/uploads\/2019\/07\/memmert-christiane-riefler-karpa.jpg 283w, https:\/\/www.memmert.be\/wp-content\/uploads\/2019\/07\/memmert-christiane-riefler-karpa-212x300.jpg 212w\" sizes=\"(max-width: 283px) 100vw, 283px\" \/>\t\t\t\t\t\t\t\t\t\t\t\t\t\t\t<\/div>\n\t\t\t\t<\/div>\n\t\t\t\t<div class=\"elementor-element elementor-element-e2ac80b elementor-widget elementor-widget-text-editor\" data-id=\"e2ac80b\" data-element_type=\"widget\" data-e-type=\"widget\" data-widget_type=\"text-editor.default\">\n\t\t\t\t<div class=\"elementor-widget-container\">\n\t\t\t\t\t\t\t\t\t<p>Managing Director Ms Christiane Riefler-Karpa<\/p>\n\t\t\t\t\t\t\t\t<\/div>\n\t\t\t\t<\/div>\n\t\t\t\t\t<\/div>\n\t\t<\/div>\n\t\t\t\t<div class=\"elementor-column elementor-col-66 elementor-inner-column elementor-element elementor-element-73233c3\" data-id=\"73233c3\" data-element_type=\"column\" data-e-type=\"column\">\n\t\t\t<div class=\"elementor-widget-wrap elementor-element-populated\">\n\t\t\t\t\t\t<div class=\"elementor-element elementor-element-7ebdddd elementor-widget elementor-widget-heading\" data-id=\"7ebdddd\" data-element_type=\"widget\" data-e-type=\"widget\" data-widget_type=\"heading.default\">\n\t\t\t\t<div class=\"elementor-widget-container\">\n\t\t\t\t\t<h3 class=\"elementor-heading-title elementor-size-default\">La troisi\u00e8me g\u00e9n\u00e9ration prend le relais<\/h3>\t\t\t\t<\/div>\n\t\t\t\t<\/div>\n\t\t\t\t<div class=\"elementor-element elementor-element-27a79c5 elementor-widget elementor-widget-text-editor\" data-id=\"27a79c5\" data-element_type=\"widget\" data-e-type=\"widget\" data-widget_type=\"text-editor.default\">\n\t\t\t\t<div class=\"elementor-widget-container\">\n\t\t\t\t\t\t\t\t\t<p>Le 1er avril 2007, Grete Memmert Riefler et Peter Riefler c\u00e8dent la direction \u00e0 leur fille.<\/p>\n<p>Christiane Riefler-Karpa, qui a occup\u00e9 plusieurs postes de direction dans des entreprises actives au niveau mondial apr\u00e8s ses \u00e9tudes nationales et internationales, a pris la direction de l&rsquo;entreprise familiale et a assum\u00e9 toutes ses responsabilit\u00e9s.<\/p>\n<p>Les valeurs traditionnelles telles que la satisfaction du client, la qualit\u00e9, l&rsquo;innovation et la fiabilit\u00e9 devaient \u00eatre pr\u00e9serv\u00e9es. C&rsquo;est ce que le nouveau directeur g\u00e9n\u00e9ral poursuit depuis le d\u00e9but. Avec la succession de l&rsquo;entreprise, en particulier dans les domaines de l&rsquo;orientation client et du d\u00e9veloppement de produits, de nouvelles impulsions ont \u00e9t\u00e9 donn\u00e9es afin d&rsquo;assurer \u00e0 l&rsquo;avenir le succ\u00e8s sur le march\u00e9 mondial. Des exemples marquants de cette nouvelle orientation ont \u00e9t\u00e9 l&rsquo;ouverture d&rsquo;une succursale \u00e0 Shanghai (2011), une repr\u00e9sentation en Inde (2012) et surtout l&rsquo;introduction de la G\u00e9n\u00e9ration 2012 des appareils \u00e0 l&rsquo;occasion d&rsquo;ACHEMA 2012.<\/p>\n<p>Willi Memmert, le fondateur de l&rsquo;entreprise, \u00e9tait un bricoleur et inventeur infatigable. Toute sa vie, les demandes des clients ont \u00e9t\u00e9 le moteur des innovations de produits et des nouveaux d\u00e9veloppements et c&rsquo;est ainsi que les choses continuent d&rsquo;\u00eatre chez Memmert.<\/p>\n\t\t\t\t\t\t\t\t<\/div>\n\t\t\t\t<\/div>\n\t\t\t\t\t<\/div>\n\t\t<\/div>\n\t\t\t\t\t<\/div>\n\t\t<\/section>\n\t\t\t\t\t<\/div>\n\t\t<\/div>\n\t\t\t\t<div class=\"elementor-column elementor-col-33 elementor-top-column elementor-element elementor-element-f60090a\" data-id=\"f60090a\" data-element_type=\"column\" data-e-type=\"column\">\n\t\t\t<div class=\"elementor-widget-wrap elementor-element-populated\">\n\t\t\t\t\t\t<div class=\"elementor-element elementor-element-cdd8bf3 nav-sub elementor-widget elementor-widget-global elementor-global-39658 elementor-global-580 elementor-widget-wp-widget-nav_menu\" data-id=\"cdd8bf3\" data-element_type=\"widget\" data-e-type=\"widget\" data-widget_type=\"wp-widget-nav_menu.default\">\n\t\t\t\t<div class=\"elementor-widget-container\">\n\t\t\t\t\t<h5>Waarom Memmert<\/h5><nav class=\"menu-pourquoi-memmert-container\" aria-label=\"Waarom Memmert\"><ul id=\"menu-pourquoi-memmert\" class=\"menu\"><li id=\"menu-item-5250\" class=\"menu-item menu-item-type-post_type menu-item-object-page menu-item-has-children menu-item-5250\"><a href=\"https:\/\/www.memmert.be\/fr\/pourquoi-memmert\/societe-avec-tradition\/\">Soci\u00e9t\u00e9 avec tradition<\/a>\n<ul class=\"sub-menu\">\n\t<li id=\"menu-item-5252\" class=\"menu-item menu-item-type-post_type menu-item-object-page menu-item-5252\"><a href=\"https:\/\/www.memmert.be\/fr\/pourquoi-memmert\/societe-avec-tradition\/histoire\/\">Histoire<\/a><\/li>\n\t<li id=\"menu-item-5253\" class=\"menu-item menu-item-type-post_type menu-item-object-page menu-item-5253\"><a href=\"https:\/\/www.memmert.be\/fr\/pourquoi-memmert\/societe-avec-tradition\/notre-mission\/\">Notre mission<\/a><\/li>\n\t<li id=\"menu-item-5254\" class=\"menu-item menu-item-type-post_type menu-item-object-page menu-item-has-children menu-item-5254\"><a href=\"https:\/\/www.memmert.be\/fr\/pourquoi-memmert\/societe-avec-tradition\/qualite\/\">Qualit\u00e9<\/a>\n\t<ul class=\"sub-menu\">\n\t\t<li id=\"menu-item-5255\" class=\"menu-item menu-item-type-post_type menu-item-object-page menu-item-5255\"><a href=\"https:\/\/www.memmert.be\/fr\/pourquoi-memmert\/societe-avec-tradition\/qualite\/validation-sterilisateur\/\">Validation St\u00e9rilisateur<\/a><\/li>\n\t\t<li id=\"menu-item-5256\" class=\"menu-item menu-item-type-post_type menu-item-object-page menu-item-5256\"><a href=\"https:\/\/www.memmert.be\/fr\/pourquoi-memmert\/societe-avec-tradition\/qualite\/din-12880\/\">DIN 12880<\/a><\/li>\n\t\t<li id=\"menu-item-5257\" class=\"menu-item menu-item-type-post_type menu-item-object-page menu-item-5257\"><a href=\"https:\/\/www.memmert.be\/fr\/pourquoi-memmert\/societe-avec-tradition\/qualite\/tests-de-qualite\/\">Tests de qualit\u00e9<\/a><\/li>\n\t<\/ul>\n<\/li>\n<\/ul>\n<\/li>\n<li id=\"menu-item-5258\" class=\"menu-item menu-item-type-post_type menu-item-object-page menu-item-5258\"><a href=\"https:\/\/www.memmert.be\/fr\/pourquoi-memmert\/myatmosafe\/\">myAtmoSAFE<\/a><\/li>\n<li id=\"menu-item-5259\" class=\"menu-item menu-item-type-post_type menu-item-object-page menu-item-5259\"><a href=\"https:\/\/www.memmert.be\/fr\/pourquoi-memmert\/5-bonnes-raisons\/\">5 bonnes raisons<\/a><\/li>\n<li id=\"menu-item-5260\" class=\"menu-item menu-item-type-post_type menu-item-object-page menu-item-has-children menu-item-5260\"><a href=\"https:\/\/www.memmert.be\/fr\/pourquoi-memmert\/leader-dans-le-domaine-de-linnovation\/\">Leader dans le domaine de l&rsquo;innovation<\/a>\n<ul class=\"sub-menu\">\n\t<li id=\"menu-item-39726\" class=\"menu-item menu-item-type-post_type menu-item-object-page menu-item-39726\"><a href=\"https:\/\/www.memmert.be\/fr\/comparaison-des-technologies-peltier-a-compresseur\/\">Comparaison des technologies Peltier \u00e0 compresseur<\/a><\/li>\n\t<li id=\"menu-item-5264\" class=\"menu-item menu-item-type-post_type menu-item-object-page menu-item-5264\"><a href=\"https:\/\/www.memmert.be\/fr\/pourquoi-memmert\/leader-dans-le-domaine-de-linnovation\/single-twindisplay\/\">Single\/TwinDISPLAY<\/a><\/li>\n\t<li id=\"menu-item-5263\" class=\"menu-item menu-item-type-post_type menu-item-object-page menu-item-5263\"><a href=\"https:\/\/www.memmert.be\/fr\/pourquoi-memmert\/leader-dans-le-domaine-de-linnovation\/atmocontrol\/\">AtmoCONTROL<\/a><\/li>\n\t<li id=\"menu-item-5262\" class=\"menu-item menu-item-type-post_type menu-item-object-page menu-item-5262\"><a href=\"https:\/\/www.memmert.be\/fr\/pourquoi-memmert\/leader-dans-le-domaine-de-linnovation\/chauffage-complet-des-surfaces\/\">Chauffage complet des surfaces<\/a><\/li>\n\t<li id=\"menu-item-5261\" class=\"menu-item menu-item-type-post_type menu-item-object-page menu-item-5261\"><a href=\"https:\/\/www.memmert.be\/fr\/pourquoi-memmert\/leader-dans-le-domaine-de-linnovation\/concept-de-chauffage-direct-avec-le-modele-vo\/\">Concept de chauffage direct avec le mod\u00e8le VO<\/a><\/li>\n\t<li id=\"menu-item-5265\" class=\"menu-item menu-item-type-post_type menu-item-object-page menu-item-5265\"><a href=\"https:\/\/www.memmert.be\/fr\/pourquoi-memmert\/leader-dans-le-domaine-de-linnovation\/fluide-frigorigene-respectueux-du-climat-co2-r744\/\">Fluide frigorig\u00e8ne respectueux du climat CO2 (R744)<\/a><\/li>\n\t<li id=\"menu-item-5266\" class=\"menu-item menu-item-type-post_type menu-item-object-page menu-item-5266\"><a href=\"https:\/\/www.memmert.be\/fr\/pourquoi-memmert\/leader-dans-le-domaine-de-linnovation\/concept-de-chauffage-peltier\/\">Concept de chauffage Peltier<\/a><\/li>\n\t<li id=\"menu-item-5267\" class=\"menu-item menu-item-type-post_type menu-item-object-page menu-item-5267\"><a href=\"https:\/\/www.memmert.be\/fr\/pourquoi-memmert\/leader-dans-le-domaine-de-linnovation\/concept-de-chauffage-par-manteau-dair\/\">Concept de chauffage par manteau d&rsquo;air<\/a><\/li>\n\t<li id=\"menu-item-5268\" class=\"menu-item menu-item-type-post_type menu-item-object-page menu-item-5268\"><a href=\"https:\/\/www.memmert.be\/fr\/pourquoi-memmert\/leader-dans-le-domaine-de-linnovation\/celsius\/\">Celsius<\/a><\/li>\n\t<li id=\"menu-item-5269\" class=\"menu-item menu-item-type-post_type menu-item-object-page menu-item-5269\"><a href=\"https:\/\/www.memmert.be\/fr\/pourquoi-memmert\/leader-dans-le-domaine-de-linnovation\/cartes-a-puce\/\">Cartes \u00e0 puce<\/a><\/li>\n\t<li id=\"menu-item-5270\" class=\"menu-item menu-item-type-post_type menu-item-object-page menu-item-5270\"><a href=\"https:\/\/www.memmert.be\/fr\/pourquoi-memmert\/leader-dans-le-domaine-de-linnovation\/iq-oq-pq\/\">IQ\/OQ\/PQ<\/a><\/li>\n<\/ul>\n<\/li>\n<\/ul><\/nav>\t\t\t\t<\/div>\n\t\t\t\t<\/div>\n\t\t\t\t\t<\/div>\n\t\t<\/div>\n\t\t\t\t\t<\/div>\n\t\t<\/section>\n\t\t\t\t<\/div>\n\t\t","protected":false},"excerpt":{"rendered":"<p>L&rsquo;histoire de Memmert, une histoire de succ\u00e8s Actif dans le monde entier, il encourage toujours l&rsquo;innovation, tout en s&rsquo;engageant dans la tradition et la responsabilit\u00e9 envers les clients, les employ\u00e9s et l&rsquo;environnement : Cette philosophie d&rsquo;entreprise v\u00e9cue par le fondateur [&hellip;]<\/p>\n","protected":false},"author":1,"featured_media":0,"parent":5133,"menu_order":0,"comment_status":"closed","ping_status":"closed","template":"","meta":{"_acf_changed":false,"_exactmetrics_skip_tracking":false,"_exactmetrics_sitenote_active":false,"_exactmetrics_sitenote_note":"","_exactmetrics_sitenote_category":0,"footnotes":""},"class_list":["post-5161","page","type-page","status-publish","hentry"],"acf":[],"_links":{"self":[{"href":"https:\/\/www.memmert.be\/fr\/wp-json\/wp\/v2\/pages\/5161","targetHints":{"allow":["GET"]}}],"collection":[{"href":"https:\/\/www.memmert.be\/fr\/wp-json\/wp\/v2\/pages"}],"about":[{"href":"https:\/\/www.memmert.be\/fr\/wp-json\/wp\/v2\/types\/page"}],"author":[{"embeddable":true,"href":"https:\/\/www.memmert.be\/fr\/wp-json\/wp\/v2\/users\/1"}],"replies":[{"embeddable":true,"href":"https:\/\/www.memmert.be\/fr\/wp-json\/wp\/v2\/comments?post=5161"}],"version-history":[{"count":1,"href":"https:\/\/www.memmert.be\/fr\/wp-json\/wp\/v2\/pages\/5161\/revisions"}],"predecessor-version":[{"id":5162,"href":"https:\/\/www.memmert.be\/fr\/wp-json\/wp\/v2\/pages\/5161\/revisions\/5162"}],"up":[{"embeddable":true,"href":"https:\/\/www.memmert.be\/fr\/wp-json\/wp\/v2\/pages\/5133"}],"wp:attachment":[{"href":"https:\/\/www.memmert.be\/fr\/wp-json\/wp\/v2\/media?parent=5161"}],"curies":[{"name":"wp","href":"https:\/\/api.w.org\/{rel}","templated":true}]}}