{"id":5143,"date":"2019-09-21T16:20:19","date_gmt":"2019-09-21T14:20:19","guid":{"rendered":"https:\/\/www.memmert.be\/pourquoi-memmert\/societe-avec-tradition\/qualite\/tests-de-qualite\/"},"modified":"2019-09-21T16:20:19","modified_gmt":"2019-09-21T14:20:19","slug":"tests-de-qualite","status":"publish","type":"page","link":"https:\/\/www.memmert.be\/fr\/pourquoi-memmert\/societe-avec-tradition\/qualite\/tests-de-qualite\/","title":{"rendered":"Tests de qualit\u00e9"},"content":{"rendered":"\t\t<div data-elementor-type=\"wp-post\" data-elementor-id=\"5143\" class=\"elementor elementor-5143 elementor-1208\" data-elementor-post-type=\"page\">\n\t\t\t\t\t\t<section class=\"elementor-section elementor-top-section elementor-element elementor-element-c17d060 elementor-section-boxed elementor-section-height-default elementor-section-height-default\" data-id=\"c17d060\" data-element_type=\"section\" data-e-type=\"section\">\n\t\t\t\t\t\t<div class=\"elementor-container elementor-column-gap-default\">\n\t\t\t\t\t<div class=\"elementor-column elementor-col-66 elementor-top-column elementor-element elementor-element-fe70123\" data-id=\"fe70123\" data-element_type=\"column\" data-e-type=\"column\">\n\t\t\t<div class=\"elementor-widget-wrap elementor-element-populated\">\n\t\t\t\t\t\t<div class=\"elementor-element elementor-element-6b73c6a elementor-widget elementor-widget-heading\" data-id=\"6b73c6a\" data-element_type=\"widget\" data-e-type=\"widget\" data-widget_type=\"heading.default\">\n\t\t\t\t<div class=\"elementor-widget-container\">\n\t\t\t\t\t<h1 class=\"elementor-heading-title elementor-size-default\">Etalonnage et contr\u00f4le de la qualit\u00e9 dans l'aire d'essai<\/h1>\t\t\t\t<\/div>\n\t\t\t\t<\/div>\n\t\t\t\t<div class=\"elementor-element elementor-element-76c747c elementor-widget elementor-widget-text-editor\" data-id=\"76c747c\" data-element_type=\"widget\" data-e-type=\"widget\" data-widget_type=\"text-editor.default\">\n\t\t\t\t<div class=\"elementor-widget-container\">\n\t\t\t\t\t\t\t\t\t<p><strong>Tous les appareils, sans exception, tiennent-ils notre promesse d&rsquo;une atmosph\u00e8re contr\u00f4l\u00e9e absolument pr\u00e9cise ? Chacun de nos appareils de laboratoire est soumis \u00e0 des normes de qualit\u00e9 extr\u00eamement \u00e9lev\u00e9es avant de quitter l&rsquo;usine. En combien de temps un appareil se r\u00e9chauffe-t-il et se refroidit-il ? Tous les param\u00e8tres se situent-ils dans la tol\u00e9rance maximale admissible ?<\/strong><\/p>\n\t\t\t\t\t\t\t\t<\/div>\n\t\t\t\t<\/div>\n\t\t\t\t<div class=\"elementor-element elementor-element-4b89844 elementor-widget elementor-widget-text-editor\" data-id=\"4b89844\" data-element_type=\"widget\" data-e-type=\"widget\" data-widget_type=\"text-editor.default\">\n\t\t\t\t<div class=\"elementor-widget-container\">\n\t\t\t\t\t\t\t\t\t<p>Le banc d&rsquo;essai de Memmert a une capacit\u00e9 de 540 places, dans lequel chaque four de chauffage et chaque bain chauffant passe par une routine fixe pour l&rsquo;\u00e9talonnage et le contr\u00f4le de qualit\u00e9 avant la livraison finale.<\/p>\n<p>Connect\u00e9 \u00e0 une interface, le syst\u00e8me de test central d\u00e9tecte automatiquement chaque appareil et lance la routine de test pr\u00e9vue. Un syst\u00e8me de mesure de r\u00e9f\u00e9rence \u00e9talonn\u00e9, tra\u00e7able selon le DKD (Service allemand d&rsquo;\u00e9talonnage), assure des mesures de temp\u00e9rature de haute pr\u00e9cision et donc l&rsquo;\u00e9talonnage exact des appareils. L&rsquo;incubateur \u00e0 CO2, la chambre d&rsquo;humidit\u00e9, la chambre climatique constante et l&rsquo;enceinte d&rsquo;essai climatique sont aliment\u00e9s avec tous les fluides n\u00e9cessaires, tels que le gaz CO2 et l&rsquo;eau pure, dans des stations d&rsquo;essai sp\u00e9ciales.<\/p>\n<p>Pour que les processus d&rsquo;essai soient comparables pour tous les param\u00e8tres importants tels que la temp\u00e9rature, le CO2, l&rsquo;humidit\u00e9 ou la pression, un climat constant d\u00e9fini r\u00e8gne en permanence dans l&rsquo;ensemble de la salle d&rsquo;essai, qui a un volume de 6.500 m3. En fonction de la temp\u00e9rature et de la qualit\u00e9 de l&rsquo;air, un syst\u00e8me de calibrage intelligent contr\u00f4le jusqu&rsquo;\u00e0 39.000 m3 d&rsquo;air par heure. L&rsquo;air chaud extrait est ensuite achemin\u00e9 vers un syst\u00e8me de r\u00e9cup\u00e9ration de la chaleur perdue.<\/p>\n<p>En outre, une climatisation \u00e0 haut rendement \u00e9nerg\u00e9tique et \u00e0 haut rendement \u00e9nerg\u00e9tique avec une puissance frigorifique nominale de 245 kW et une alimentation en air frais r\u00e9gul\u00e9e garantissent des conditions optimales pour les employ\u00e9s de l&rsquo;aire d&rsquo;essai.<\/p>\n\t\t\t\t\t\t\t\t<\/div>\n\t\t\t\t<\/div>\n\t\t\t\t<div class=\"elementor-element elementor-element-ab1a896 elementor-widget elementor-widget-image\" data-id=\"ab1a896\" data-element_type=\"widget\" data-e-type=\"widget\" data-widget_type=\"image.default\">\n\t\t\t\t<div class=\"elementor-widget-container\">\n\t\t\t\t\t\t\t\t\t\t\t\t\t\t\t<img fetchpriority=\"high\" decoding=\"async\" width=\"800\" height=\"340\" src=\"https:\/\/www.memmert.be\/wp-content\/uploads\/2019\/07\/memmert-kwaliteitstesten-1024x435.jpg\" class=\"attachment-large size-large wp-image-1212\" alt=\"\" srcset=\"https:\/\/www.memmert.be\/wp-content\/uploads\/2019\/07\/memmert-kwaliteitstesten-1024x435.jpg 1024w, https:\/\/www.memmert.be\/wp-content\/uploads\/2019\/07\/memmert-kwaliteitstesten-300x127.jpg 300w, https:\/\/www.memmert.be\/wp-content\/uploads\/2019\/07\/memmert-kwaliteitstesten-768x326.jpg 768w, https:\/\/www.memmert.be\/wp-content\/uploads\/2019\/07\/memmert-kwaliteitstesten-600x255.jpg 600w, https:\/\/www.memmert.be\/wp-content\/uploads\/2019\/07\/memmert-kwaliteitstesten.jpg 1170w\" sizes=\"(max-width: 800px) 100vw, 800px\" \/>\t\t\t\t\t\t\t\t\t\t\t\t\t\t\t<\/div>\n\t\t\t\t<\/div>\n\t\t\t\t\t<\/div>\n\t\t<\/div>\n\t\t\t\t<div class=\"elementor-column elementor-col-33 elementor-top-column elementor-element elementor-element-f60090a\" data-id=\"f60090a\" data-element_type=\"column\" data-e-type=\"column\">\n\t\t\t<div class=\"elementor-widget-wrap elementor-element-populated\">\n\t\t\t\t\t\t<div class=\"elementor-element elementor-element-cdd8bf3 nav-sub elementor-widget elementor-widget-global elementor-global-39658 elementor-global-580 elementor-widget-wp-widget-nav_menu\" data-id=\"cdd8bf3\" data-element_type=\"widget\" data-e-type=\"widget\" data-widget_type=\"wp-widget-nav_menu.default\">\n\t\t\t\t<div class=\"elementor-widget-container\">\n\t\t\t\t\t<h5>Waarom Memmert<\/h5><nav class=\"menu-pourquoi-memmert-container\" aria-label=\"Waarom Memmert\"><ul id=\"menu-pourquoi-memmert\" class=\"menu\"><li id=\"menu-item-5250\" class=\"menu-item menu-item-type-post_type menu-item-object-page menu-item-has-children menu-item-5250\"><a href=\"https:\/\/www.memmert.be\/fr\/pourquoi-memmert\/societe-avec-tradition\/\">Soci\u00e9t\u00e9 avec tradition<\/a>\n<ul class=\"sub-menu\">\n\t<li id=\"menu-item-5252\" class=\"menu-item menu-item-type-post_type menu-item-object-page menu-item-5252\"><a href=\"https:\/\/www.memmert.be\/fr\/pourquoi-memmert\/societe-avec-tradition\/histoire\/\">Histoire<\/a><\/li>\n\t<li id=\"menu-item-5253\" class=\"menu-item menu-item-type-post_type menu-item-object-page menu-item-5253\"><a href=\"https:\/\/www.memmert.be\/fr\/pourquoi-memmert\/societe-avec-tradition\/notre-mission\/\">Notre mission<\/a><\/li>\n\t<li id=\"menu-item-5254\" class=\"menu-item menu-item-type-post_type menu-item-object-page menu-item-has-children menu-item-5254\"><a href=\"https:\/\/www.memmert.be\/fr\/pourquoi-memmert\/societe-avec-tradition\/qualite\/\">Qualit\u00e9<\/a>\n\t<ul class=\"sub-menu\">\n\t\t<li id=\"menu-item-5255\" class=\"menu-item menu-item-type-post_type menu-item-object-page menu-item-5255\"><a href=\"https:\/\/www.memmert.be\/fr\/pourquoi-memmert\/societe-avec-tradition\/qualite\/validation-sterilisateur\/\">Validation St\u00e9rilisateur<\/a><\/li>\n\t\t<li id=\"menu-item-5256\" class=\"menu-item menu-item-type-post_type menu-item-object-page menu-item-5256\"><a href=\"https:\/\/www.memmert.be\/fr\/pourquoi-memmert\/societe-avec-tradition\/qualite\/din-12880\/\">DIN 12880<\/a><\/li>\n\t\t<li id=\"menu-item-5257\" class=\"menu-item menu-item-type-post_type menu-item-object-page menu-item-5257\"><a href=\"https:\/\/www.memmert.be\/fr\/pourquoi-memmert\/societe-avec-tradition\/qualite\/tests-de-qualite\/\">Tests de qualit\u00e9<\/a><\/li>\n\t<\/ul>\n<\/li>\n<\/ul>\n<\/li>\n<li id=\"menu-item-5258\" class=\"menu-item menu-item-type-post_type menu-item-object-page menu-item-5258\"><a href=\"https:\/\/www.memmert.be\/fr\/pourquoi-memmert\/myatmosafe\/\">myAtmoSAFE<\/a><\/li>\n<li id=\"menu-item-5259\" class=\"menu-item menu-item-type-post_type menu-item-object-page menu-item-5259\"><a href=\"https:\/\/www.memmert.be\/fr\/pourquoi-memmert\/5-bonnes-raisons\/\">5 bonnes raisons<\/a><\/li>\n<li id=\"menu-item-5260\" class=\"menu-item menu-item-type-post_type menu-item-object-page menu-item-has-children menu-item-5260\"><a href=\"https:\/\/www.memmert.be\/fr\/pourquoi-memmert\/leader-dans-le-domaine-de-linnovation\/\">Leader dans le domaine de l&rsquo;innovation<\/a>\n<ul class=\"sub-menu\">\n\t<li id=\"menu-item-39726\" class=\"menu-item menu-item-type-post_type menu-item-object-page menu-item-39726\"><a href=\"https:\/\/www.memmert.be\/fr\/comparaison-des-technologies-peltier-a-compresseur\/\">Comparaison des technologies Peltier \u00e0 compresseur<\/a><\/li>\n\t<li id=\"menu-item-5264\" class=\"menu-item menu-item-type-post_type menu-item-object-page menu-item-5264\"><a href=\"https:\/\/www.memmert.be\/fr\/pourquoi-memmert\/leader-dans-le-domaine-de-linnovation\/single-twindisplay\/\">Single\/TwinDISPLAY<\/a><\/li>\n\t<li id=\"menu-item-5263\" class=\"menu-item menu-item-type-post_type menu-item-object-page menu-item-5263\"><a href=\"https:\/\/www.memmert.be\/fr\/pourquoi-memmert\/leader-dans-le-domaine-de-linnovation\/atmocontrol\/\">AtmoCONTROL<\/a><\/li>\n\t<li id=\"menu-item-5262\" class=\"menu-item menu-item-type-post_type menu-item-object-page menu-item-5262\"><a href=\"https:\/\/www.memmert.be\/fr\/pourquoi-memmert\/leader-dans-le-domaine-de-linnovation\/chauffage-complet-des-surfaces\/\">Chauffage complet des surfaces<\/a><\/li>\n\t<li id=\"menu-item-5261\" class=\"menu-item menu-item-type-post_type menu-item-object-page menu-item-5261\"><a href=\"https:\/\/www.memmert.be\/fr\/pourquoi-memmert\/leader-dans-le-domaine-de-linnovation\/concept-de-chauffage-direct-avec-le-modele-vo\/\">Concept de chauffage direct avec le mod\u00e8le VO<\/a><\/li>\n\t<li id=\"menu-item-5265\" class=\"menu-item menu-item-type-post_type menu-item-object-page menu-item-5265\"><a href=\"https:\/\/www.memmert.be\/fr\/pourquoi-memmert\/leader-dans-le-domaine-de-linnovation\/fluide-frigorigene-respectueux-du-climat-co2-r744\/\">Fluide frigorig\u00e8ne respectueux du climat CO2 (R744)<\/a><\/li>\n\t<li id=\"menu-item-5266\" class=\"menu-item menu-item-type-post_type menu-item-object-page menu-item-5266\"><a href=\"https:\/\/www.memmert.be\/fr\/pourquoi-memmert\/leader-dans-le-domaine-de-linnovation\/concept-de-chauffage-peltier\/\">Concept de chauffage Peltier<\/a><\/li>\n\t<li id=\"menu-item-5267\" class=\"menu-item menu-item-type-post_type menu-item-object-page menu-item-5267\"><a href=\"https:\/\/www.memmert.be\/fr\/pourquoi-memmert\/leader-dans-le-domaine-de-linnovation\/concept-de-chauffage-par-manteau-dair\/\">Concept de chauffage par manteau d&rsquo;air<\/a><\/li>\n\t<li id=\"menu-item-5268\" class=\"menu-item menu-item-type-post_type menu-item-object-page menu-item-5268\"><a href=\"https:\/\/www.memmert.be\/fr\/pourquoi-memmert\/leader-dans-le-domaine-de-linnovation\/celsius\/\">Celsius<\/a><\/li>\n\t<li id=\"menu-item-5269\" class=\"menu-item menu-item-type-post_type menu-item-object-page menu-item-5269\"><a href=\"https:\/\/www.memmert.be\/fr\/pourquoi-memmert\/leader-dans-le-domaine-de-linnovation\/cartes-a-puce\/\">Cartes \u00e0 puce<\/a><\/li>\n\t<li id=\"menu-item-5270\" class=\"menu-item menu-item-type-post_type menu-item-object-page menu-item-5270\"><a href=\"https:\/\/www.memmert.be\/fr\/pourquoi-memmert\/leader-dans-le-domaine-de-linnovation\/iq-oq-pq\/\">IQ\/OQ\/PQ<\/a><\/li>\n<\/ul>\n<\/li>\n<\/ul><\/nav>\t\t\t\t<\/div>\n\t\t\t\t<\/div>\n\t\t\t\t\t<\/div>\n\t\t<\/div>\n\t\t\t\t\t<\/div>\n\t\t<\/section>\n\t\t\t\t<\/div>\n\t\t","protected":false},"excerpt":{"rendered":"<p>Etalonnage et contr\u00f4le de la qualit\u00e9 dans l&rsquo;aire d&rsquo;essai Tous les appareils, sans exception, tiennent-ils notre promesse d&rsquo;une atmosph\u00e8re contr\u00f4l\u00e9e absolument pr\u00e9cise ? Chacun de nos appareils de laboratoire est soumis \u00e0 des normes de qualit\u00e9 extr\u00eamement \u00e9lev\u00e9es avant de [&hellip;]<\/p>\n","protected":false},"author":1,"featured_media":0,"parent":5137,"menu_order":0,"comment_status":"closed","ping_status":"closed","template":"","meta":{"_acf_changed":false,"_exactmetrics_skip_tracking":false,"_exactmetrics_sitenote_active":false,"_exactmetrics_sitenote_note":"","_exactmetrics_sitenote_category":0,"footnotes":""},"class_list":["post-5143","page","type-page","status-publish","hentry"],"acf":[],"_links":{"self":[{"href":"https:\/\/www.memmert.be\/fr\/wp-json\/wp\/v2\/pages\/5143","targetHints":{"allow":["GET"]}}],"collection":[{"href":"https:\/\/www.memmert.be\/fr\/wp-json\/wp\/v2\/pages"}],"about":[{"href":"https:\/\/www.memmert.be\/fr\/wp-json\/wp\/v2\/types\/page"}],"author":[{"embeddable":true,"href":"https:\/\/www.memmert.be\/fr\/wp-json\/wp\/v2\/users\/1"}],"replies":[{"embeddable":true,"href":"https:\/\/www.memmert.be\/fr\/wp-json\/wp\/v2\/comments?post=5143"}],"version-history":[{"count":1,"href":"https:\/\/www.memmert.be\/fr\/wp-json\/wp\/v2\/pages\/5143\/revisions"}],"predecessor-version":[{"id":5144,"href":"https:\/\/www.memmert.be\/fr\/wp-json\/wp\/v2\/pages\/5143\/revisions\/5144"}],"up":[{"embeddable":true,"href":"https:\/\/www.memmert.be\/fr\/wp-json\/wp\/v2\/pages\/5137"}],"wp:attachment":[{"href":"https:\/\/www.memmert.be\/fr\/wp-json\/wp\/v2\/media?parent=5143"}],"curies":[{"name":"wp","href":"https:\/\/api.w.org\/{rel}","templated":true}]}}