{"id":5074,"date":"2019-09-19T08:48:11","date_gmt":"2019-09-19T06:48:11","guid":{"rendered":"https:\/\/www.memmert.be\/pourquoi-memmert\/leader-dans-le-domaine-de-linnovation\/celsius\/"},"modified":"2019-09-19T08:48:12","modified_gmt":"2019-09-19T06:48:12","slug":"celsius","status":"publish","type":"page","link":"https:\/\/www.memmert.be\/fr\/pourquoi-memmert\/leader-dans-le-domaine-de-linnovation\/celsius\/","title":{"rendered":"Celsius"},"content":{"rendered":"\t\t<div data-elementor-type=\"wp-post\" data-elementor-id=\"5074\" class=\"elementor elementor-5074 elementor-1004\" data-elementor-post-type=\"page\">\n\t\t\t\t\t\t<section class=\"elementor-section elementor-top-section elementor-element elementor-element-b62b1ef elementor-section-boxed elementor-section-height-default elementor-section-height-default\" data-id=\"b62b1ef\" data-element_type=\"section\" data-e-type=\"section\">\n\t\t\t\t\t\t<div class=\"elementor-container elementor-column-gap-default\">\n\t\t\t\t\t<div class=\"elementor-column elementor-col-66 elementor-top-column elementor-element elementor-element-20fbf75\" data-id=\"20fbf75\" data-element_type=\"column\" data-e-type=\"column\">\n\t\t\t<div class=\"elementor-widget-wrap elementor-element-populated\">\n\t\t\t\t\t\t<div class=\"elementor-element elementor-element-3fd3a95 elementor-widget elementor-widget-heading\" data-id=\"3fd3a95\" data-element_type=\"widget\" data-e-type=\"widget\" data-widget_type=\"heading.default\">\n\t\t\t\t<div class=\"elementor-widget-container\">\n\t\t\t\t\t<h1 class=\"elementor-heading-title elementor-size-default\">Logiciel Celsius: programmation et consignation en toute s\u00e9curit\u00e9<\/h1>\t\t\t\t<\/div>\n\t\t\t\t<\/div>\n\t\t\t\t<div class=\"elementor-element elementor-element-db396b8 elementor-widget elementor-widget-text-editor\" data-id=\"db396b8\" data-element_type=\"widget\" data-e-type=\"widget\" data-widget_type=\"text-editor.default\">\n\t\t\t\t<div class=\"elementor-widget-container\">\n\t\t\t\t\t\t\t\t\t<p><strong>Le logiciel \u00ab\u00a0Celsius\u00a0\u00bb de\u00a0Memmert, permettant de b\u00e9n\u00e9ficier d&rsquo;une\u00a0programmation\u00a0et d&rsquo;une\u00a0consignation\u00a0des processus \u00e0 la fois compl\u00e8tes et conviviales, accompagne chaque\u00a0incubateur CO2 INCO,\u00a0\u00e9tuve \u00e0 vide VO,\u00a0enceinte d&rsquo;essais climatiques CTC\u00a0et\u00a0enceinte hygrom\u00e9trique HCP, la version FDA \u00e9tant disponible moyennant un suppl\u00e9ment. Le logiciel \u00ab\u00a0Celsius\u00a0\u00bb ainsi que le mode d&#8217;emploi sont disponibles dans l&rsquo;espace de t\u00e9l\u00e9chargement.<\/strong><\/p>\n\t\t\t\t\t\t\t\t<\/div>\n\t\t\t\t<\/div>\n\t\t\t\t<div class=\"elementor-element elementor-element-ea79add elementor-widget elementor-widget-heading\" data-id=\"ea79add\" data-element_type=\"widget\" data-e-type=\"widget\" data-widget_type=\"heading.default\">\n\t\t\t\t<div class=\"elementor-widget-container\">\n\t\t\t\t\t<h3 class=\"elementor-heading-title elementor-size-default\">Programmation et lecture des \u00e9tats du logiciel en toute simplicit\u00e9<\/h3>\t\t\t\t<\/div>\n\t\t\t\t<\/div>\n\t\t\t\t<div class=\"elementor-element elementor-element-2964ba0 elementor-widget elementor-widget-text-editor\" data-id=\"2964ba0\" data-element_type=\"widget\" data-e-type=\"widget\" data-widget_type=\"text-editor.default\">\n\t\t\t\t<div class=\"elementor-widget-container\">\n\t\t\t\t\t\t\t\t\t<p>Le logiciel \u00ab\u00a0Celsius\u00a0\u00bb de\u00a0<strong>Memmert\u00a0<\/strong>s&rsquo;ex\u00e9cute sur les plates-formes Windows 7, Windows 10, Windows Vista et Windows XP, et peut \u00eatre param\u00e9tr\u00e9 en allemand, anglais, fran\u00e7ais, espagnol et italien. Confort, s\u00e9curit\u00e9, gain de temps et transparence sont ainsi les principaux avantages pour l&rsquo;utilisateur: chaque\u00a0<strong>graphique de processus<\/strong>\u00a0peut \u00eatre assorti d&rsquo;une l\u00e9gende propre \u00e0 chaque\u00a0<strong>param\u00e8tre de processus<\/strong>, tandis que la<strong>\u00a0fonction Zoom<\/strong>\u00a0permet d&rsquo;observer certains d\u00e9tails des profils de processus repr\u00e9sent\u00e9s graphiquement \u00e0 chaque \u00e9tape, selon les besoins. La\u00a0<strong>fonction Rapport<\/strong>\u00a0effectue une sauvegarde des protocoles sous forme de tableau et proc\u00e8de \u00e0 une analyse automatique des valeurs minimales, maximales et moyennes. Parall\u00e8lement, il est possible d&rsquo;effectuer l&rsquo;\u00e9dition num\u00e9rique des processus directement \u00e0 l&rsquo;aide de l&rsquo;imprimante ou \u00e0 partir d&rsquo;une exportation dans Excel. Les donn\u00e9es issues de l&rsquo;enregistrement des \u00e9tats par le r\u00e9gulateur interne font en outre l&rsquo;objet d&rsquo;une sauvegarde automatique quotidienne.<\/p>\n\t\t\t\t\t\t\t\t<\/div>\n\t\t\t\t<\/div>\n\t\t\t\t<div class=\"elementor-element elementor-element-bbaf25f elementor-widget elementor-widget-heading\" data-id=\"bbaf25f\" data-element_type=\"widget\" data-e-type=\"widget\" data-widget_type=\"heading.default\">\n\t\t\t\t<div class=\"elementor-widget-container\">\n\t\t\t\t\t<h3 class=\"elementor-heading-title elementor-size-default\">Aper\u00e7u des principales fonctions<\/h3>\t\t\t\t<\/div>\n\t\t\t\t<\/div>\n\t\t\t\t<div class=\"elementor-element elementor-element-44715fc elementor-widget elementor-widget-text-editor\" data-id=\"44715fc\" data-element_type=\"widget\" data-e-type=\"widget\" data-widget_type=\"text-editor.default\">\n\t\t\t\t<div class=\"elementor-widget-container\">\n\t\t\t\t\t\t\t\t\t<ul>\n<li><strong>Programmation\u00a0<\/strong>graphique et num\u00e9rique<\/li>\n<li>Pilotage par interface RS232 de 4 appareils au maximum<\/li>\n<li>Pilotage par interface RS485 de 16 appareils au maximum<\/li>\n<li>Pilotage par connexion USB de 8 appareils au maximum<\/li>\n<li>Pilotage par connexion Ethernet de 16 appareils au maximum<\/li>\n<li>Combinaison au choix des appareils Memmert<\/li>\n<li>Possibilit\u00e9 de\u00a0<strong>programmer\u00a0<\/strong>la\u00a0<a href=\"https:\/\/www.memmert.be\/fr\/pourquoi-memmert\/leader-dans-le-domaine-de-linnovation\/cartes-a-puce\/\" target=\"_blank\" rel=\"noopener\">carte MEMory<\/a>\u00a0\u00e0 partir d&rsquo;un lecteur-enregistreur externe sans connexion \u00e0 l&rsquo;enceinte<\/li>\n<li><strong>Consignation\u00a0<\/strong>et impression des processus de contr\u00f4le thermique avec les donn\u00e9es correspondantes<\/li>\n<li>Sauvegarde automatique de toutes les donn\u00e9es de processus issues de<strong>\u00a0l&rsquo;enregistrement des \u00e9tats<\/strong>\u00a0propres au r\u00e9gulateur<\/li>\n<li><strong>Programmation\u00a0<\/strong>du nombre de rampes de votre choix<\/li>\n<li>Possibilit\u00e9 de piloter \u00e0 partir d&rsquo;une interface s\u00e9rie tous les appareils Memmert fabriqu\u00e9s depuis 1996<\/li>\n<\/ul>\n\t\t\t\t\t\t\t\t<\/div>\n\t\t\t\t<\/div>\n\t\t\t\t<div class=\"elementor-element elementor-element-3ae6978 elementor-widget elementor-widget-heading\" data-id=\"3ae6978\" data-element_type=\"widget\" data-e-type=\"widget\" data-widget_type=\"heading.default\">\n\t\t\t\t<div class=\"elementor-widget-container\">\n\t\t\t\t\t<h3 class=\"elementor-heading-title elementor-size-default\">Des interfaces pour r\u00e9pondre \u00e0 tous les besoins<\/h3>\t\t\t\t<\/div>\n\t\t\t\t<\/div>\n\t\t\t\t<div class=\"elementor-element elementor-element-ec7fcfb elementor-widget elementor-widget-text-editor\" data-id=\"ec7fcfb\" data-element_type=\"widget\" data-e-type=\"widget\" data-widget_type=\"text-editor.default\">\n\t\t\t\t<div class=\"elementor-widget-container\">\n\t\t\t\t\t\t\t\t\t<p>Chaque INCO, VO, HCP, CTC et HCP de<strong> Memmert<\/strong> est livr\u00e9 en standard avec une interface PC s\u00e9rie RS232, la version RS485 \u00e9tant disponible sur demande sans suppl\u00e9ment de tarif. Les interfaces de communication USB ou Ethernet, sont disponibles en option. Les \u00e9tuves \u00e0 vide, incubateurs CO2, enceintes hygrom\u00e9triques et enceintes climatiques sont livr\u00e9s en standard avec une interface USB.<\/p>\n\t\t\t\t\t\t\t\t<\/div>\n\t\t\t\t<\/div>\n\t\t\t\t\t<\/div>\n\t\t<\/div>\n\t\t\t\t<div class=\"elementor-column elementor-col-33 elementor-top-column elementor-element elementor-element-12a41b9\" data-id=\"12a41b9\" data-element_type=\"column\" data-e-type=\"column\">\n\t\t\t<div class=\"elementor-widget-wrap elementor-element-populated\">\n\t\t\t\t\t\t<div class=\"elementor-element elementor-element-2f3c737 nav-sub elementor-widget elementor-widget-global elementor-global-39658 elementor-global-580 elementor-widget-wp-widget-nav_menu\" data-id=\"2f3c737\" data-element_type=\"widget\" data-e-type=\"widget\" data-widget_type=\"wp-widget-nav_menu.default\">\n\t\t\t\t<div class=\"elementor-widget-container\">\n\t\t\t\t\t<h5>Waarom Memmert<\/h5><nav class=\"menu-pourquoi-memmert-container\" aria-label=\"Waarom Memmert\"><ul id=\"menu-pourquoi-memmert\" class=\"menu\"><li id=\"menu-item-5250\" class=\"menu-item menu-item-type-post_type menu-item-object-page menu-item-has-children menu-item-5250\"><a href=\"https:\/\/www.memmert.be\/fr\/pourquoi-memmert\/societe-avec-tradition\/\">Soci\u00e9t\u00e9 avec tradition<\/a>\n<ul class=\"sub-menu\">\n\t<li id=\"menu-item-5252\" class=\"menu-item menu-item-type-post_type menu-item-object-page menu-item-5252\"><a href=\"https:\/\/www.memmert.be\/fr\/pourquoi-memmert\/societe-avec-tradition\/histoire\/\">Histoire<\/a><\/li>\n\t<li id=\"menu-item-5253\" class=\"menu-item menu-item-type-post_type menu-item-object-page menu-item-5253\"><a href=\"https:\/\/www.memmert.be\/fr\/pourquoi-memmert\/societe-avec-tradition\/notre-mission\/\">Notre mission<\/a><\/li>\n\t<li id=\"menu-item-5254\" class=\"menu-item menu-item-type-post_type menu-item-object-page menu-item-has-children menu-item-5254\"><a href=\"https:\/\/www.memmert.be\/fr\/pourquoi-memmert\/societe-avec-tradition\/qualite\/\">Qualit\u00e9<\/a>\n\t<ul class=\"sub-menu\">\n\t\t<li id=\"menu-item-5255\" class=\"menu-item menu-item-type-post_type menu-item-object-page menu-item-5255\"><a href=\"https:\/\/www.memmert.be\/fr\/pourquoi-memmert\/societe-avec-tradition\/qualite\/validation-sterilisateur\/\">Validation St\u00e9rilisateur<\/a><\/li>\n\t\t<li id=\"menu-item-5256\" class=\"menu-item menu-item-type-post_type menu-item-object-page menu-item-5256\"><a href=\"https:\/\/www.memmert.be\/fr\/pourquoi-memmert\/societe-avec-tradition\/qualite\/din-12880\/\">DIN 12880<\/a><\/li>\n\t\t<li id=\"menu-item-5257\" class=\"menu-item menu-item-type-post_type menu-item-object-page menu-item-5257\"><a href=\"https:\/\/www.memmert.be\/fr\/pourquoi-memmert\/societe-avec-tradition\/qualite\/tests-de-qualite\/\">Tests de qualit\u00e9<\/a><\/li>\n\t<\/ul>\n<\/li>\n<\/ul>\n<\/li>\n<li id=\"menu-item-5258\" class=\"menu-item menu-item-type-post_type menu-item-object-page menu-item-5258\"><a href=\"https:\/\/www.memmert.be\/fr\/pourquoi-memmert\/myatmosafe\/\">myAtmoSAFE<\/a><\/li>\n<li id=\"menu-item-5259\" class=\"menu-item menu-item-type-post_type menu-item-object-page menu-item-5259\"><a href=\"https:\/\/www.memmert.be\/fr\/pourquoi-memmert\/5-bonnes-raisons\/\">5 bonnes raisons<\/a><\/li>\n<li id=\"menu-item-5260\" class=\"menu-item menu-item-type-post_type menu-item-object-page menu-item-has-children menu-item-5260\"><a href=\"https:\/\/www.memmert.be\/fr\/pourquoi-memmert\/leader-dans-le-domaine-de-linnovation\/\">Leader dans le domaine de l&rsquo;innovation<\/a>\n<ul class=\"sub-menu\">\n\t<li id=\"menu-item-39726\" class=\"menu-item menu-item-type-post_type menu-item-object-page menu-item-39726\"><a href=\"https:\/\/www.memmert.be\/fr\/comparaison-des-technologies-peltier-a-compresseur\/\">Comparaison des technologies Peltier \u00e0 compresseur<\/a><\/li>\n\t<li id=\"menu-item-5264\" class=\"menu-item menu-item-type-post_type menu-item-object-page menu-item-5264\"><a href=\"https:\/\/www.memmert.be\/fr\/pourquoi-memmert\/leader-dans-le-domaine-de-linnovation\/single-twindisplay\/\">Single\/TwinDISPLAY<\/a><\/li>\n\t<li id=\"menu-item-5263\" class=\"menu-item menu-item-type-post_type menu-item-object-page menu-item-5263\"><a href=\"https:\/\/www.memmert.be\/fr\/pourquoi-memmert\/leader-dans-le-domaine-de-linnovation\/atmocontrol\/\">AtmoCONTROL<\/a><\/li>\n\t<li id=\"menu-item-5262\" class=\"menu-item menu-item-type-post_type menu-item-object-page menu-item-5262\"><a href=\"https:\/\/www.memmert.be\/fr\/pourquoi-memmert\/leader-dans-le-domaine-de-linnovation\/chauffage-complet-des-surfaces\/\">Chauffage complet des surfaces<\/a><\/li>\n\t<li id=\"menu-item-5261\" class=\"menu-item menu-item-type-post_type menu-item-object-page menu-item-5261\"><a href=\"https:\/\/www.memmert.be\/fr\/pourquoi-memmert\/leader-dans-le-domaine-de-linnovation\/concept-de-chauffage-direct-avec-le-modele-vo\/\">Concept de chauffage direct avec le mod\u00e8le VO<\/a><\/li>\n\t<li id=\"menu-item-5265\" class=\"menu-item menu-item-type-post_type menu-item-object-page menu-item-5265\"><a href=\"https:\/\/www.memmert.be\/fr\/pourquoi-memmert\/leader-dans-le-domaine-de-linnovation\/fluide-frigorigene-respectueux-du-climat-co2-r744\/\">Fluide frigorig\u00e8ne respectueux du climat CO2 (R744)<\/a><\/li>\n\t<li id=\"menu-item-5266\" class=\"menu-item menu-item-type-post_type menu-item-object-page menu-item-5266\"><a href=\"https:\/\/www.memmert.be\/fr\/pourquoi-memmert\/leader-dans-le-domaine-de-linnovation\/concept-de-chauffage-peltier\/\">Concept de chauffage Peltier<\/a><\/li>\n\t<li id=\"menu-item-5267\" class=\"menu-item menu-item-type-post_type menu-item-object-page menu-item-5267\"><a href=\"https:\/\/www.memmert.be\/fr\/pourquoi-memmert\/leader-dans-le-domaine-de-linnovation\/concept-de-chauffage-par-manteau-dair\/\">Concept de chauffage par manteau d&rsquo;air<\/a><\/li>\n\t<li id=\"menu-item-5268\" class=\"menu-item menu-item-type-post_type menu-item-object-page menu-item-5268\"><a href=\"https:\/\/www.memmert.be\/fr\/pourquoi-memmert\/leader-dans-le-domaine-de-linnovation\/celsius\/\">Celsius<\/a><\/li>\n\t<li id=\"menu-item-5269\" class=\"menu-item menu-item-type-post_type menu-item-object-page menu-item-5269\"><a href=\"https:\/\/www.memmert.be\/fr\/pourquoi-memmert\/leader-dans-le-domaine-de-linnovation\/cartes-a-puce\/\">Cartes \u00e0 puce<\/a><\/li>\n\t<li id=\"menu-item-5270\" class=\"menu-item menu-item-type-post_type menu-item-object-page menu-item-5270\"><a href=\"https:\/\/www.memmert.be\/fr\/pourquoi-memmert\/leader-dans-le-domaine-de-linnovation\/iq-oq-pq\/\">IQ\/OQ\/PQ<\/a><\/li>\n<\/ul>\n<\/li>\n<\/ul><\/nav>\t\t\t\t<\/div>\n\t\t\t\t<\/div>\n\t\t\t\t\t<\/div>\n\t\t<\/div>\n\t\t\t\t\t<\/div>\n\t\t<\/section>\n\t\t\t\t<\/div>\n\t\t","protected":false},"excerpt":{"rendered":"<p>Logiciel Celsius: programmation et consignation en toute s\u00e9curit\u00e9 Le logiciel \u00ab\u00a0Celsius\u00a0\u00bb de\u00a0Memmert, permettant de b\u00e9n\u00e9ficier d&rsquo;une\u00a0programmation\u00a0et d&rsquo;une\u00a0consignation\u00a0des processus \u00e0 la fois compl\u00e8tes et conviviales, accompagne chaque\u00a0incubateur CO2 INCO,\u00a0\u00e9tuve \u00e0 vide VO,\u00a0enceinte d&rsquo;essais climatiques CTC\u00a0et\u00a0enceinte hygrom\u00e9trique HCP, la version FDA \u00e9tant [&hellip;]<\/p>\n","protected":false},"author":1,"featured_media":0,"parent":4868,"menu_order":0,"comment_status":"closed","ping_status":"closed","template":"","meta":{"_acf_changed":false,"_exactmetrics_skip_tracking":false,"_exactmetrics_sitenote_active":false,"_exactmetrics_sitenote_note":"","_exactmetrics_sitenote_category":0,"footnotes":""},"class_list":["post-5074","page","type-page","status-publish","hentry"],"acf":[],"_links":{"self":[{"href":"https:\/\/www.memmert.be\/fr\/wp-json\/wp\/v2\/pages\/5074","targetHints":{"allow":["GET"]}}],"collection":[{"href":"https:\/\/www.memmert.be\/fr\/wp-json\/wp\/v2\/pages"}],"about":[{"href":"https:\/\/www.memmert.be\/fr\/wp-json\/wp\/v2\/types\/page"}],"author":[{"embeddable":true,"href":"https:\/\/www.memmert.be\/fr\/wp-json\/wp\/v2\/users\/1"}],"replies":[{"embeddable":true,"href":"https:\/\/www.memmert.be\/fr\/wp-json\/wp\/v2\/comments?post=5074"}],"version-history":[{"count":1,"href":"https:\/\/www.memmert.be\/fr\/wp-json\/wp\/v2\/pages\/5074\/revisions"}],"predecessor-version":[{"id":5075,"href":"https:\/\/www.memmert.be\/fr\/wp-json\/wp\/v2\/pages\/5074\/revisions\/5075"}],"up":[{"embeddable":true,"href":"https:\/\/www.memmert.be\/fr\/wp-json\/wp\/v2\/pages\/4868"}],"wp:attachment":[{"href":"https:\/\/www.memmert.be\/fr\/wp-json\/wp\/v2\/media?parent=5074"}],"curies":[{"name":"wp","href":"https:\/\/api.w.org\/{rel}","templated":true}]}}