{"id":4959,"date":"2019-09-16T14:53:11","date_gmt":"2019-09-16T12:53:11","guid":{"rendered":"https:\/\/www.memmert.be\/applications\/medecine\/"},"modified":"2022-09-27T08:21:16","modified_gmt":"2022-09-27T06:21:16","slug":"medecine","status":"publish","type":"page","link":"https:\/\/www.memmert.be\/fr\/applications\/medecine\/","title":{"rendered":"M\u00e9decine"},"content":{"rendered":"\t\t<div data-elementor-type=\"wp-post\" data-elementor-id=\"4959\" class=\"elementor elementor-4959 elementor-2453\" data-elementor-post-type=\"page\">\n\t\t\t\t\t\t<section class=\"elementor-section elementor-top-section elementor-element elementor-element-c146bf8 elementor-section-height-min-height elementor-section-boxed elementor-section-height-default elementor-section-items-middle\" data-id=\"c146bf8\" data-element_type=\"section\" data-e-type=\"section\" data-settings=\"{&quot;background_background&quot;:&quot;classic&quot;}\">\n\t\t\t\t\t\t<div class=\"elementor-container elementor-column-gap-default\">\n\t\t\t\t\t<div class=\"elementor-column elementor-col-100 elementor-top-column elementor-element elementor-element-787b326\" data-id=\"787b326\" data-element_type=\"column\" data-e-type=\"column\">\n\t\t\t<div class=\"elementor-widget-wrap elementor-element-populated\">\n\t\t\t\t\t\t<div class=\"elementor-element elementor-element-adeef65 animated-fast elementor-invisible elementor-widget elementor-widget-heading\" data-id=\"adeef65\" data-element_type=\"widget\" data-e-type=\"widget\" data-settings=\"{&quot;_animation&quot;:&quot;slideInLeft&quot;}\" data-widget_type=\"heading.default\">\n\t\t\t\t<div class=\"elementor-widget-container\">\n\t\t\t\t\t<h1 class=\"elementor-heading-title elementor-size-default\">S\u00fbrs par experience<\/h1>\t\t\t\t<\/div>\n\t\t\t\t<\/div>\n\t\t\t\t<div class=\"elementor-element elementor-element-48a0d74 animated-fast elementor-invisible elementor-widget elementor-widget-heading\" data-id=\"48a0d74\" data-element_type=\"widget\" data-e-type=\"widget\" data-settings=\"{&quot;_animation&quot;:&quot;slideInLeft&quot;,&quot;_animation_delay&quot;:200}\" data-widget_type=\"heading.default\">\n\t\t\t\t<div class=\"elementor-widget-container\">\n\t\t\t\t\t<h2 class=\"elementor-heading-title elementor-size-default\">Appareils de thermo-conditionnement pour la m\u00e9decine<br \/>la clinique \u2013 le cabinet m\u00e9dical \u2013 la pharmacie<\/h2>\t\t\t\t<\/div>\n\t\t\t\t<\/div>\n\t\t\t\t<div class=\"elementor-element elementor-element-580bb33 animated-fast elementor-hidden-desktop elementor-hidden-tablet elementor-hidden-mobile elementor-invisible elementor-widget elementor-widget-button\" data-id=\"580bb33\" data-element_type=\"widget\" data-e-type=\"widget\" data-settings=\"{&quot;_animation&quot;:&quot;slideInLeft&quot;,&quot;_animation_delay&quot;:400}\" data-widget_type=\"button.default\">\n\t\t\t\t<div class=\"elementor-widget-container\">\n\t\t\t\t\t\t\t\t\t<div class=\"elementor-button-wrapper\">\n\t\t\t\t\t<a class=\"elementor-button elementor-button-link elementor-size-sm\" href=\"#\">\n\t\t\t\t\t\t<span class=\"elementor-button-content-wrapper\">\n\t\t\t\t\t\t<span class=\"elementor-button-icon\">\n\t\t\t\t<i aria-hidden=\"true\" class=\"fas fa-caret-right\"><\/i>\t\t\t<\/span>\n\t\t\t\t\t\t\t\t\t<span class=\"elementor-button-text\">Bulletin d'application<\/span>\n\t\t\t\t\t<\/span>\n\t\t\t\t\t<\/a>\n\t\t\t\t<\/div>\n\t\t\t\t\t\t\t\t<\/div>\n\t\t\t\t<\/div>\n\t\t\t\t<div class=\"elementor-element elementor-element-0d0bdda animated-fast elementor-invisible elementor-widget elementor-widget-button\" data-id=\"0d0bdda\" data-element_type=\"widget\" data-e-type=\"widget\" data-settings=\"{&quot;_animation&quot;:&quot;slideInLeft&quot;,&quot;_animation_delay&quot;:400}\" data-widget_type=\"button.default\">\n\t\t\t\t<div class=\"elementor-widget-container\">\n\t\t\t\t\t\t\t\t\t<div class=\"elementor-button-wrapper\">\n\t\t\t\t\t<a class=\"elementor-button elementor-button-link elementor-size-sm\" href=\"#prod-prop\">\n\t\t\t\t\t\t<span class=\"elementor-button-content-wrapper\">\n\t\t\t\t\t\t<span class=\"elementor-button-icon\">\n\t\t\t\t<i aria-hidden=\"true\" class=\"fas fa-caret-right\"><\/i>\t\t\t<\/span>\n\t\t\t\t\t\t\t\t\t<span class=\"elementor-button-text\">Caract\u00e9ristiques du produit d\u00e9di\u00e9es \u00e0 votre application<\/span>\n\t\t\t\t\t<\/span>\n\t\t\t\t\t<\/a>\n\t\t\t\t<\/div>\n\t\t\t\t\t\t\t\t<\/div>\n\t\t\t\t<\/div>\n\t\t\t\t\t<\/div>\n\t\t<\/div>\n\t\t\t\t\t<\/div>\n\t\t<\/section>\n\t\t\t\t<section class=\"elementor-section elementor-top-section elementor-element elementor-element-3df0710 elementor-section-boxed elementor-section-height-default elementor-section-height-default\" data-id=\"3df0710\" data-element_type=\"section\" data-e-type=\"section\">\n\t\t\t\t\t\t<div class=\"elementor-container elementor-column-gap-default\">\n\t\t\t\t\t<div class=\"elementor-column elementor-col-66 elementor-top-column elementor-element elementor-element-4cb6783\" data-id=\"4cb6783\" data-element_type=\"column\" data-e-type=\"column\">\n\t\t\t<div class=\"elementor-widget-wrap elementor-element-populated\">\n\t\t\t\t\t\t<div class=\"elementor-element elementor-element-33154c8 elementor-widget elementor-widget-heading\" data-id=\"33154c8\" data-element_type=\"widget\" data-e-type=\"widget\" data-widget_type=\"heading.default\">\n\t\t\t\t<div class=\"elementor-widget-container\">\n\t\t\t\t\t<h2 class=\"elementor-heading-title elementor-size-default\">Applications et appareils pour l'industrie m\u00e9dicale<\/h2>\t\t\t\t<\/div>\n\t\t\t\t<\/div>\n\t\t\t\t<div class=\"elementor-element elementor-element-8cd4090 elementor-widget elementor-widget-text-editor\" data-id=\"8cd4090\" data-element_type=\"widget\" data-e-type=\"widget\" data-widget_type=\"text-editor.default\">\n\t\t\t\t<div class=\"elementor-widget-container\">\n\t\t\t\t\t\t\t\t\t<strong>C&rsquo;est notre passion pour les d\u00e9tails qui assure la pr\u00e9cision et la long\u00e9vit\u00e9 de nos \u00e9tuves, incubateurs et bains-marie. C&rsquo;est \u00e9galement le d\u00e9veloppement et la fabrication exclusivement en interne qui nous ont permis de nous hisser au rang de leader technologique dans le domaine des appareils de contr\u00f4le thermique. Par ailleurs, gr\u00e2ce \u00e0 notre engagement sans compromis en faveur de la qualit\u00e9, nous sommes parvenus \u00e0 nous positionner en tant que partenaire d&rsquo;une grande fiabilit\u00e9 dans le domaine de la m\u00e9decine et de la recherche m\u00e9dicale d\u00e8s nos d\u00e9buts en 1947.<\/strong>\t\t\t\t\t\t\t\t<\/div>\n\t\t\t\t<\/div>\n\t\t\t\t<div class=\"elementor-element elementor-element-7344c3c elementor-widget elementor-widget-text-editor\" data-id=\"7344c3c\" data-element_type=\"widget\" data-e-type=\"widget\" data-widget_type=\"text-editor.default\">\n\t\t\t\t<div class=\"elementor-widget-container\">\n\t\t\t\t\t\t\t\t\tNous savons pertinemment que la mise en place d&rsquo;un contr\u00f4le qualit\u00e9 sans faille est absolument indispensable dans le domaine de la sant\u00e9. La soci\u00e9t\u00e9 Memmert est d&rsquo;ailleurs certifi\u00e9e DIN EN ISO 13 485 depuis de nombreuses ann\u00e9es. L&rsquo;\u00e9tuve pour chauffage de couvertures IFbw a \u00e9t\u00e9 con\u00e7us pour chauffer les draps et les couvertures non st\u00e9riles, tandis que l&rsquo;incubateur INmplus\/IFmplus est adapt\u00e9 au contr\u00f4le thermique des solutions de rin\u00e7age et de perfusion. Consid\u00e9r\u00e9s tous les deux comme produits m\u00e9dicaux, le st\u00e9rilisateur par air chaud SF\/SFplus et l&rsquo;incubateur CO2 ICOmed sont certifi\u00e9s respectivement pour la st\u00e9rilisation de mati\u00e8res organiques m\u00e9dicales, ainsi que la fertilisation in vitro et la biosynth\u00e8se.\t\t\t\t\t\t\t\t<\/div>\n\t\t\t\t<\/div>\n\t\t\t\t\t<\/div>\n\t\t<\/div>\n\t\t\t\t<div class=\"elementor-column elementor-col-33 elementor-top-column elementor-element elementor-element-d509fe9\" data-id=\"d509fe9\" data-element_type=\"column\" data-e-type=\"column\">\n\t\t\t<div class=\"elementor-widget-wrap elementor-element-populated\">\n\t\t\t\t\t\t<div class=\"elementor-element elementor-element-627c825 elementor-widget elementor-widget-heading\" data-id=\"627c825\" data-element_type=\"widget\" data-e-type=\"widget\" data-widget_type=\"heading.default\">\n\t\t\t\t<div class=\"elementor-widget-container\">\n\t\t\t\t\t<h4 class=\"elementor-heading-title elementor-size-default\">Secteurs<\/h4>\t\t\t\t<\/div>\n\t\t\t\t<\/div>\n\t\t\t\t<div class=\"elementor-element elementor-element-3f67318 elementor-icon-list--layout-traditional elementor-list-item-link-full_width elementor-widget elementor-widget-icon-list\" data-id=\"3f67318\" data-element_type=\"widget\" data-e-type=\"widget\" data-widget_type=\"icon-list.default\">\n\t\t\t\t<div class=\"elementor-widget-container\">\n\t\t\t\t\t\t\t<ul class=\"elementor-icon-list-items\">\n\t\t\t\t\t\t\t<li class=\"elementor-icon-list-item\">\n\t\t\t\t\t\t\t\t\t\t\t<a href=\"https:\/\/www.memmert.be\/fr\/applications\/industrie\/\">\n\n\t\t\t\t\t\t\t\t\t\t\t\t<span class=\"elementor-icon-list-icon\">\n\t\t\t\t\t\t\t<i aria-hidden=\"true\" class=\"fas fa-caret-right\"><\/i>\t\t\t\t\t\t<\/span>\n\t\t\t\t\t\t\t\t\t\t<span class=\"elementor-icon-list-text\">Industrie<\/span>\n\t\t\t\t\t\t\t\t\t\t\t<\/a>\n\t\t\t\t\t\t\t\t\t<\/li>\n\t\t\t\t\t\t\t\t<li class=\"elementor-icon-list-item\">\n\t\t\t\t\t\t\t\t\t\t\t<a href=\"https:\/\/www.memmert.be\/fr\/applications\/pharmacie\/\">\n\n\t\t\t\t\t\t\t\t\t\t\t\t<span class=\"elementor-icon-list-icon\">\n\t\t\t\t\t\t\t<i aria-hidden=\"true\" class=\"fas fa-caret-right\"><\/i>\t\t\t\t\t\t<\/span>\n\t\t\t\t\t\t\t\t\t\t<span class=\"elementor-icon-list-text\">Pharmacie<\/span>\n\t\t\t\t\t\t\t\t\t\t\t<\/a>\n\t\t\t\t\t\t\t\t\t<\/li>\n\t\t\t\t\t\t\t\t<li class=\"elementor-icon-list-item\">\n\t\t\t\t\t\t\t\t\t\t\t<a href=\"https:\/\/www.memmert.be\/fr\/applications\/alimentation\/\">\n\n\t\t\t\t\t\t\t\t\t\t\t\t<span class=\"elementor-icon-list-icon\">\n\t\t\t\t\t\t\t<i aria-hidden=\"true\" class=\"fas fa-caret-right\"><\/i>\t\t\t\t\t\t<\/span>\n\t\t\t\t\t\t\t\t\t\t<span class=\"elementor-icon-list-text\">Alimentation<\/span>\n\t\t\t\t\t\t\t\t\t\t\t<\/a>\n\t\t\t\t\t\t\t\t\t<\/li>\n\t\t\t\t\t\t<\/ul>\n\t\t\t\t\t\t<\/div>\n\t\t\t\t<\/div>\n\t\t\t\t<div class=\"elementor-element elementor-element-f77f144 elementor-align-left elementor-hidden-desktop elementor-hidden-tablet elementor-hidden-mobile elementor-widget elementor-widget-button\" data-id=\"f77f144\" data-element_type=\"widget\" data-e-type=\"widget\" data-widget_type=\"button.default\">\n\t\t\t\t<div class=\"elementor-widget-container\">\n\t\t\t\t\t\t\t\t\t<div class=\"elementor-button-wrapper\">\n\t\t\t\t\t<a class=\"elementor-button elementor-button-link elementor-size-sm\" href=\"https:\/\/www.memmert.be\/wp-content\/uploads\/2019\/08\/BR_Memmert_Medizin-Broschuere_EN.pdf\">\n\t\t\t\t\t\t<span class=\"elementor-button-content-wrapper\">\n\t\t\t\t\t\t<span class=\"elementor-button-icon\">\n\t\t\t\t<i aria-hidden=\"true\" class=\"fas fa-download\"><\/i>\t\t\t<\/span>\n\t\t\t\t\t\t\t\t\t<span class=\"elementor-button-text\">T\u00e9l\u00e9chargez la brochure<\/span>\n\t\t\t\t\t<\/span>\n\t\t\t\t\t<\/a>\n\t\t\t\t<\/div>\n\t\t\t\t\t\t\t\t<\/div>\n\t\t\t\t<\/div>\n\t\t\t\t<div class=\"elementor-element elementor-element-095d06a elementor-align-left elementor-widget elementor-widget-button\" data-id=\"095d06a\" data-element_type=\"widget\" data-e-type=\"widget\" data-widget_type=\"button.default\">\n\t\t\t\t<div class=\"elementor-widget-container\">\n\t\t\t\t\t\t\t\t\t<div class=\"elementor-button-wrapper\">\n\t\t\t\t\t<a class=\"elementor-button elementor-button-link elementor-size-sm\" href=\"https:\/\/www.memmert.be\/fr\/contacte\/\">\n\t\t\t\t\t\t<span class=\"elementor-button-content-wrapper\">\n\t\t\t\t\t\t<span class=\"elementor-button-icon\">\n\t\t\t\t<i aria-hidden=\"true\" class=\"fas fa-info-circle\"><\/i>\t\t\t<\/span>\n\t\t\t\t\t\t\t\t\t<span class=\"elementor-button-text\">Plus d'infos<\/span>\n\t\t\t\t\t<\/span>\n\t\t\t\t\t<\/a>\n\t\t\t\t<\/div>\n\t\t\t\t\t\t\t\t<\/div>\n\t\t\t\t<\/div>\n\t\t\t\t\t<\/div>\n\t\t<\/div>\n\t\t\t\t\t<\/div>\n\t\t<\/section>\n\t\t\t\t<section class=\"elementor-section elementor-top-section elementor-element elementor-element-4a92f65 elementor-section-boxed elementor-section-height-default elementor-section-height-default\" data-id=\"4a92f65\" data-element_type=\"section\" data-e-type=\"section\" id=\"prod-prop\" data-settings=\"{&quot;background_background&quot;:&quot;classic&quot;}\">\n\t\t\t\t\t\t<div class=\"elementor-container elementor-column-gap-default\">\n\t\t\t\t\t<div class=\"elementor-column elementor-col-100 elementor-top-column elementor-element elementor-element-dc99168\" data-id=\"dc99168\" data-element_type=\"column\" data-e-type=\"column\">\n\t\t\t<div class=\"elementor-widget-wrap elementor-element-populated\">\n\t\t\t\t\t\t<div class=\"elementor-element elementor-element-8962cd4 elementor-widget elementor-widget-heading\" data-id=\"8962cd4\" data-element_type=\"widget\" data-e-type=\"widget\" data-widget_type=\"heading.default\">\n\t\t\t\t<div class=\"elementor-widget-container\">\n\t\t\t\t\t<h3 class=\"elementor-heading-title elementor-size-default\">Nous maitrisons le savoir-faire qui permet aux caract\u00e9ristiques techniques intelligentes de rendre des applications exigeantes possibles.<\/h3>\t\t\t\t<\/div>\n\t\t\t\t<\/div>\n\t\t\t\t<div class=\"elementor-element elementor-element-a32d0f5 elementor-widget elementor-widget-text-editor\" data-id=\"a32d0f5\" data-element_type=\"widget\" data-e-type=\"widget\" data-widget_type=\"text-editor.default\">\n\t\t\t\t<div class=\"elementor-widget-container\">\n\t\t\t\t\t\t\t\t\tMemmert sait exactement ce dont les utilisateurs de l&rsquo;industrie ont besoin. Lisez ci-apr\u00e8s quels d\u00e9tails technologiques feront qu\u2019un four de chauffage, un four de s\u00e9chage sous vide ou une chambre climatique Memmert soit exceptionnellement pr\u00e9cis, fiable et efficace.\t\t\t\t\t\t\t\t<\/div>\n\t\t\t\t<\/div>\n\t\t\t\t<section class=\"elementor-section elementor-inner-section elementor-element elementor-element-08d4e5d elementor-section-boxed elementor-section-height-default elementor-section-height-default\" data-id=\"08d4e5d\" data-element_type=\"section\" data-e-type=\"section\">\n\t\t\t\t\t\t<div class=\"elementor-container elementor-column-gap-default\">\n\t\t\t\t\t<div class=\"elementor-column elementor-col-50 elementor-inner-column elementor-element elementor-element-ad5a66d\" data-id=\"ad5a66d\" data-element_type=\"column\" data-e-type=\"column\" data-settings=\"{&quot;background_background&quot;:&quot;classic&quot;,&quot;animation&quot;:&quot;none&quot;}\">\n\t\t\t<div class=\"elementor-widget-wrap elementor-element-populated\">\n\t\t\t\t\t\t<div class=\"elementor-element elementor-element-2b1912d elementor-widget__width-auto elementor-widget elementor-widget-text-editor\" data-id=\"2b1912d\" data-element_type=\"widget\" data-e-type=\"widget\" data-widget_type=\"text-editor.default\">\n\t\t\t\t<div class=\"elementor-widget-container\">\n\t\t\t\t\t\t\t\t\t<h4><img fetchpriority=\"high\" decoding=\"async\" class=\"size-medium wp-image-545 alignleft offside\" src=\"https:\/\/memmertdev.appcom.be\/wp-content\/uploads\/2019\/07\/why_memmert_innovation_leader-300x195.png\" alt=\"\" width=\"300\" height=\"195\" srcset=\"https:\/\/www.memmert.be\/wp-content\/uploads\/2019\/07\/why_memmert_innovation_leader-300x195.png 300w, https:\/\/www.memmert.be\/wp-content\/uploads\/2019\/07\/why_memmert_innovation_leader.png 570w\" sizes=\"(max-width: 300px) 100vw, 300px\" \/><\/h4>\r\n<h4>Notre savoir-faire :\r\npr\u00e9cision et r\u00e9partition optimale de la temp\u00e9rature<\/h4>\r\nPlus les \u00e9l\u00e9ments chauffants sont petits, plus la chaleur n\u00e9cessaire pour atteindre la temp\u00e9rature requise dans le caisson int\u00e9rieur d&rsquo;une \u00e9tuve doit \u00eatre \u00e9lev\u00e9e. Un syst\u00e8me d&rsquo;\u00e9l\u00e9ments chauffants de 52 m\u00e8tres compos\u00e9 de 749 litres entoure de tous les c\u00f4t\u00e9s le caisson int\u00e9rieur d&rsquo;une \u00e9tuve Memmert. Six circuits de chaleur sont r\u00e9gul\u00e9s ind\u00e9pendamment les uns des autres afin d&rsquo;obtenir et de maintenir exactement la m\u00eame temp\u00e9rature requise \u00e0 chaque point du caisson int\u00e9rieur. En savoir plus sur le <a href=\"https:\/\/www.memmert.be\/fr\/pourquoi-memmert\/leader-dans-le-domaine-de-linnovation\/chauffage-complet-des-surfaces\/\" target=\"_blank\" rel=\"noopener\">\u00ab concept de chauffage complet des surfaces \u00bb<\/a>\t\t\t\t\t\t\t\t<\/div>\n\t\t\t\t<\/div>\n\t\t\t\t\t<\/div>\n\t\t<\/div>\n\t\t\t\t<div class=\"elementor-column elementor-col-50 elementor-inner-column elementor-element elementor-element-987566e\" data-id=\"987566e\" data-element_type=\"column\" data-e-type=\"column\" data-settings=\"{&quot;background_background&quot;:&quot;classic&quot;,&quot;animation&quot;:&quot;none&quot;,&quot;animation_delay&quot;:150}\">\n\t\t\t<div class=\"elementor-widget-wrap elementor-element-populated\">\n\t\t\t\t\t\t<div class=\"elementor-element elementor-element-0073538 elementor-widget__width-auto elementor-widget elementor-widget-text-editor\" data-id=\"0073538\" data-element_type=\"widget\" data-e-type=\"widget\" data-widget_type=\"text-editor.default\">\n\t\t\t\t<div class=\"elementor-widget-container\">\n\t\t\t\t\t\t\t\t\t<h4><img decoding=\"async\" class=\"size-medium wp-image-2466 alignleft offside\" src=\"https:\/\/memmertdev.appcom.be\/wp-content\/uploads\/2019\/08\/cultivation-300x205.png\" alt=\"\" width=\"300\" height=\"205\" srcset=\"https:\/\/www.memmert.be\/wp-content\/uploads\/2019\/08\/cultivation-300x205.png 300w, https:\/\/www.memmert.be\/wp-content\/uploads\/2019\/08\/cultivation.png 400w\" sizes=\"(max-width: 300px) 100vw, 300px\" \/>Savoir-faire :\r\nhumidification et d\u00e9shumidification actives lors de la culture de cellules<\/h4>\r\nLors de la culture de cellules dans des plaques Multiwell, l&rsquo;\u00e9vaporation et la condensation entra\u00eenent des variations de la concentration susceptibles de fausser consid\u00e9rablement les conclusions d&rsquo;un test. L&rsquo;\u00e9valuation d&rsquo;un incubateur CO2 INCO de Memmert \u00e0 l&rsquo;universit\u00e9 d&rsquo;Erlangen a r\u00e9v\u00e9l\u00e9 que la pr\u00e9sence d&rsquo;un syst\u00e8me d&rsquo;humidification actif permet de r\u00e9duire consid\u00e9rablement l&rsquo;\u00e9vaporation par rapport \u00e0 des incubateurs \u00e0 humidification passive. Lire le rapport complet. Lors de la culture de cellules dans des plaques Multiwell, l&rsquo;\u00e9vaporation et la condensation entra\u00eenent des variations de la concentration susceptibles de fausser consid\u00e9rablement les conclusions d&rsquo;un test. L&rsquo;\u00e9valuation d&rsquo;un incubateur CO2 INCO de Memmert \u00e0 l&rsquo;universit\u00e9 d&rsquo;Erlangen a r\u00e9v\u00e9l\u00e9 que la pr\u00e9sence d&rsquo;un syst\u00e8me d&rsquo;humidification actif permet de r\u00e9duire consid\u00e9rablement l&rsquo;\u00e9vaporation par rapport \u00e0 des incubateurs \u00e0 humidification passive.\t\t\t\t\t\t\t\t<\/div>\n\t\t\t\t<\/div>\n\t\t\t\t\t<\/div>\n\t\t<\/div>\n\t\t\t\t\t<\/div>\n\t\t<\/section>\n\t\t\t\t<section class=\"elementor-section elementor-inner-section elementor-element elementor-element-0b697da elementor-section-boxed elementor-section-height-default elementor-section-height-default\" data-id=\"0b697da\" data-element_type=\"section\" data-e-type=\"section\">\n\t\t\t\t\t\t<div class=\"elementor-container elementor-column-gap-default\">\n\t\t\t\t\t<div class=\"elementor-column elementor-col-50 elementor-inner-column elementor-element elementor-element-4af5c3b\" data-id=\"4af5c3b\" data-element_type=\"column\" data-e-type=\"column\" data-settings=\"{&quot;background_background&quot;:&quot;classic&quot;,&quot;animation&quot;:&quot;none&quot;,&quot;animation_delay&quot;:300}\">\n\t\t\t<div class=\"elementor-widget-wrap elementor-element-populated\">\n\t\t\t\t\t\t<div class=\"elementor-element elementor-element-5bdfe3c elementor-widget__width-auto elementor-widget elementor-widget-text-editor\" data-id=\"5bdfe3c\" data-element_type=\"widget\" data-e-type=\"widget\" data-widget_type=\"text-editor.default\">\n\t\t\t\t<div class=\"elementor-widget-container\">\n\t\t\t\t\t\t\t\t\t<h4><img decoding=\"async\" class=\"size-medium wp-image-2462 offside alignleft\" src=\"https:\/\/memmertdev.appcom.be\/wp-content\/uploads\/2019\/08\/setpointwait-en-300x205.png\" alt=\"\" width=\"300\" height=\"205\" srcset=\"https:\/\/www.memmert.be\/wp-content\/uploads\/2019\/08\/setpointwait-en-300x205.png 300w, https:\/\/www.memmert.be\/wp-content\/uploads\/2019\/08\/setpointwait-en.png 400w\" sizes=\"(max-width: 300px) 100vw, 300px\" \/><\/h4>\r\n<h4>Savoir-faire :\r\nfonction SetpointWAIT<\/h4>\r\nLa fonction SetpointWAIT veille \u00e0 ce que le programme ne continue qu&rsquo;une fois la temp\u00e9rature de consigne atteinte. Si des sondes thermiques PT100 suppl\u00e9mentaires sont utilis\u00e9es et dispos\u00e9es librement dans le caisson int\u00e9rieur, la temp\u00e9rature de consigne doit absolument atteindre tous les points de mesure dans l&rsquo;\u00e9l\u00e9ment de chargement. Dans ce cas, le syst\u00e8me est capable \u00e0 tout moment de maintenir pr\u00e9cis\u00e9ment la dur\u00e9e du processus, quels que soient le chargement et le volume du caisson int\u00e9rieur. Par ailleurs, la fonction SetpointWAIT permet de valider le processus en toute s\u00e9r\u00e9nit\u00e9.\t\t\t\t\t\t\t\t<\/div>\n\t\t\t\t<\/div>\n\t\t\t\t\t<\/div>\n\t\t<\/div>\n\t\t\t\t<div class=\"elementor-column elementor-col-50 elementor-inner-column elementor-element elementor-element-ec69d48\" data-id=\"ec69d48\" data-element_type=\"column\" data-e-type=\"column\" data-settings=\"{&quot;background_background&quot;:&quot;classic&quot;,&quot;animation&quot;:&quot;none&quot;,&quot;animation_delay&quot;:450}\">\n\t\t\t<div class=\"elementor-widget-wrap elementor-element-populated\">\n\t\t\t\t\t\t<div class=\"elementor-element elementor-element-3e1ac83 elementor-widget__width-auto elementor-widget elementor-widget-text-editor\" data-id=\"3e1ac83\" data-element_type=\"widget\" data-e-type=\"widget\" data-widget_type=\"text-editor.default\">\n\t\t\t\t<div class=\"elementor-widget-container\">\n\t\t\t\t\t\t\t\t\t<h4><img loading=\"lazy\" decoding=\"async\" class=\"size-medium wp-image-2443 alignleft offside\" src=\"https:\/\/memmertdev.appcom.be\/wp-content\/uploads\/2019\/08\/technologien_temperierkonzept_peltier_system_energieverbrauch_03-300x205.jpg\" alt=\"\" width=\"300\" height=\"205\" srcset=\"https:\/\/www.memmert.be\/wp-content\/uploads\/2019\/08\/technologien_temperierkonzept_peltier_system_energieverbrauch_03-300x205.jpg 300w, https:\/\/www.memmert.be\/wp-content\/uploads\/2019\/08\/technologien_temperierkonzept_peltier_system_energieverbrauch_03.jpg 400w\" sizes=\"(max-width: 300px) 100vw, 300px\" \/>Savoir-faire :\r\n\u00e9conomies d&rsquo;\u00e9nergie<\/h4>\r\nPour permettre aux appareils de laboratoire de r\u00e9aliser des \u00e9conomies d&rsquo;\u00e9nergie de taille, il est n\u00e9cessaire de proposer des id\u00e9es innovantes. C&rsquo;est le cas notamment de la technologie Peltier. La technologie Peltier met en \u0153uvre des temp\u00e9ratures proches de la temp\u00e9rature du milieu, et particuli\u00e8rement rentables et \u00e9conomes en \u00e9nergie, d\u00e8s lors que, contrairement \u00e0 la technologie du compresseur, elle n&rsquo;utilise que l&rsquo;\u00e9nergie requise au moment du chauffage ou du refroidissement. C&rsquo;est pourquoi il est d&rsquo;ailleurs possible de r\u00e9gler tr\u00e8s pr\u00e9cis\u00e9ment la fonction de chauffage ou de refroidissement. En savoir plus sur <a href=\"https:\/\/www.memmert.be\/fr\/pourquoi-memmert\/leader-dans-le-domaine-de-linnovation\/concept-de-chauffage-peltier\/\" target=\"_blank\" rel=\"noopener\">le concept de chauffage Peltier<\/a>\t\t\t\t\t\t\t\t<\/div>\n\t\t\t\t<\/div>\n\t\t\t\t\t<\/div>\n\t\t<\/div>\n\t\t\t\t\t<\/div>\n\t\t<\/section>\n\t\t\t\t\t<\/div>\n\t\t<\/div>\n\t\t\t\t\t<\/div>\n\t\t<\/section>\n\t\t\t\t<\/div>\n\t\t","protected":false},"excerpt":{"rendered":"<p>S\u00fbrs par experience Appareils de thermo-conditionnement pour la m\u00e9decinela clinique \u2013 le cabinet m\u00e9dical \u2013 la pharmacie Bulletin d&rsquo;application Caract\u00e9ristiques du produit d\u00e9di\u00e9es \u00e0 votre application Applications et appareils pour l&rsquo;industrie m\u00e9dicale C&rsquo;est notre passion pour les d\u00e9tails qui assure [&hellip;]<\/p>\n","protected":false},"author":1,"featured_media":0,"parent":4755,"menu_order":0,"comment_status":"closed","ping_status":"closed","template":"elementor_header_footer","meta":{"_acf_changed":false,"_exactmetrics_skip_tracking":false,"_exactmetrics_sitenote_active":false,"_exactmetrics_sitenote_note":"","_exactmetrics_sitenote_category":0,"footnotes":""},"class_list":["post-4959","page","type-page","status-publish","hentry"],"acf":[],"_links":{"self":[{"href":"https:\/\/www.memmert.be\/fr\/wp-json\/wp\/v2\/pages\/4959","targetHints":{"allow":["GET"]}}],"collection":[{"href":"https:\/\/www.memmert.be\/fr\/wp-json\/wp\/v2\/pages"}],"about":[{"href":"https:\/\/www.memmert.be\/fr\/wp-json\/wp\/v2\/types\/page"}],"author":[{"embeddable":true,"href":"https:\/\/www.memmert.be\/fr\/wp-json\/wp\/v2\/users\/1"}],"replies":[{"embeddable":true,"href":"https:\/\/www.memmert.be\/fr\/wp-json\/wp\/v2\/comments?post=4959"}],"version-history":[{"count":5,"href":"https:\/\/www.memmert.be\/fr\/wp-json\/wp\/v2\/pages\/4959\/revisions"}],"predecessor-version":[{"id":42882,"href":"https:\/\/www.memmert.be\/fr\/wp-json\/wp\/v2\/pages\/4959\/revisions\/42882"}],"up":[{"embeddable":true,"href":"https:\/\/www.memmert.be\/fr\/wp-json\/wp\/v2\/pages\/4755"}],"wp:attachment":[{"href":"https:\/\/www.memmert.be\/fr\/wp-json\/wp\/v2\/media?parent=4959"}],"curies":[{"name":"wp","href":"https:\/\/api.w.org\/{rel}","templated":true}]}}