{"id":4872,"date":"2019-09-14T16:23:41","date_gmt":"2019-09-14T14:23:41","guid":{"rendered":"https:\/\/www.memmert.be\/pourquoi-memmert\/leader-dans-le-domaine-de-linnovation\/iq-oq-pq\/"},"modified":"2019-09-14T16:23:42","modified_gmt":"2019-09-14T14:23:42","slug":"iq-oq-pq","status":"publish","type":"page","link":"https:\/\/www.memmert.be\/fr\/pourquoi-memmert\/leader-dans-le-domaine-de-linnovation\/iq-oq-pq\/","title":{"rendered":"IQ\/OQ\/PQ"},"content":{"rendered":"\t\t<div data-elementor-type=\"wp-post\" data-elementor-id=\"4872\" class=\"elementor elementor-4872 elementor-1268\" data-elementor-post-type=\"page\">\n\t\t\t\t\t\t<section class=\"elementor-section elementor-top-section elementor-element elementor-element-b62b1ef elementor-section-boxed elementor-section-height-default elementor-section-height-default\" data-id=\"b62b1ef\" data-element_type=\"section\" data-e-type=\"section\">\n\t\t\t\t\t\t<div class=\"elementor-container elementor-column-gap-default\">\n\t\t\t\t\t<div class=\"elementor-column elementor-col-66 elementor-top-column elementor-element elementor-element-20fbf75\" data-id=\"20fbf75\" data-element_type=\"column\" data-e-type=\"column\">\n\t\t\t<div class=\"elementor-widget-wrap elementor-element-populated\">\n\t\t\t\t\t\t<div class=\"elementor-element elementor-element-3fd3a95 elementor-widget elementor-widget-heading\" data-id=\"3fd3a95\" data-element_type=\"widget\" data-e-type=\"widget\" data-widget_type=\"heading.default\">\n\t\t\t\t<div class=\"elementor-widget-container\">\n\t\t\t\t\t<h1 class=\"elementor-heading-title elementor-size-default\">Pr\u00e9paration en vue de la gestion totale de la qualit\u00e9 et des audits clients<\/h1>\t\t\t\t<\/div>\n\t\t\t\t<\/div>\n\t\t\t\t<div class=\"elementor-element elementor-element-db396b8 elementor-widget elementor-widget-text-editor\" data-id=\"db396b8\" data-element_type=\"widget\" data-e-type=\"widget\" data-widget_type=\"text-editor.default\">\n\t\t\t\t<div class=\"elementor-widget-container\">\n\t\t\t\t\t\t\t\t\t<div id=\"c292\" class=\"csc-default\">\n<p class=\"intro\"><strong>La certification ou la validation des appareils dans le cadre d&rsquo;un programme de gestion de la qualit\u00e9constitue pour de nombreuses entreprises une condition indispensable lors du choix du fournisseur. Parall\u00e8lement au certificat de calibrage, inclus par d\u00e9faut, Memmert d\u00e9livre \u00e9galement une certification QI\/QO sur demande. La documentation QI\/QO que nous proposons vient renforcer la certification QI\/QO obtenue par les clients.<\/strong><\/p>\n<\/div>\n\t\t\t\t\t\t\t\t<\/div>\n\t\t\t\t<\/div>\n\t\t\t\t<div class=\"elementor-element elementor-element-ea79add elementor-widget elementor-widget-heading\" data-id=\"ea79add\" data-element_type=\"widget\" data-e-type=\"widget\" data-widget_type=\"heading.default\">\n\t\t\t\t<div class=\"elementor-widget-container\">\n\t\t\t\t\t<h3 class=\"elementor-heading-title elementor-size-default\">Certification d'installation QI<\/h3>\t\t\t\t<\/div>\n\t\t\t\t<\/div>\n\t\t\t\t<div class=\"elementor-element elementor-element-2964ba0 elementor-widget elementor-widget-text-editor\" data-id=\"2964ba0\" data-element_type=\"widget\" data-e-type=\"widget\" data-widget_type=\"text-editor.default\">\n\t\t\t\t<div class=\"elementor-widget-container\">\n\t\t\t\t\t\t\t\t\t<p>La certification de l&rsquo;installation QI est un document attestant que l&rsquo;installation et les appareils ont \u00e9t\u00e9 livr\u00e9s et install\u00e9s conform\u00e9ment aux exigences et aux r\u00e8gles de s\u00e9curit\u00e9 applicables stipul\u00e9es dans la certification de conception. La documentation aff\u00e9rente \u00e0 la certification de l&rsquo;installation comprend en r\u00e8gle g\u00e9n\u00e9rale les documents suivants:<\/p>\n<div class=\"csc-textpic-text\">\n<p>Plan de contr\u00f4le QI: informations d\u00e9taill\u00e9es concernant les essais \u00e0 mettre en \u0153uvre dans chaque appareil au titre de la certification de l&rsquo;installation.<\/p>\n<\/div>\n<p>Rapport QI: \u00e0 l&rsquo;issue de la certification de l&rsquo;installation QI, les r\u00e9sultats sont compil\u00e9s, \u00e9valu\u00e9s et int\u00e9gr\u00e9s dans un rapport QI. Toutes les anomalies et les mesures mises en \u0153uvre pour y rem\u00e9dier sont consign\u00e9es. Apr\u00e8s correction des anomalies, ces derni\u00e8res sont de nouveau soumises \u00e0 un contr\u00f4le, document\u00e9es et \u00e9valu\u00e9es dans un nouveau rapport QI.<\/p>\n\t\t\t\t\t\t\t\t<\/div>\n\t\t\t\t<\/div>\n\t\t\t\t<div class=\"elementor-element elementor-element-bbaf25f elementor-widget elementor-widget-heading\" data-id=\"bbaf25f\" data-element_type=\"widget\" data-e-type=\"widget\" data-widget_type=\"heading.default\">\n\t\t\t\t<div class=\"elementor-widget-container\">\n\t\t\t\t\t<h4 class=\"elementor-heading-title elementor-size-default\">Champ d'application de la certification de l'installation QI<\/h4>\t\t\t\t<\/div>\n\t\t\t\t<\/div>\n\t\t\t\t<div class=\"elementor-element elementor-element-44715fc elementor-widget elementor-widget-text-editor\" data-id=\"44715fc\" data-element_type=\"widget\" data-e-type=\"widget\" data-widget_type=\"text-editor.default\">\n\t\t\t\t<div class=\"elementor-widget-container\">\n\t\t\t\t\t\t\t\t\t<ul class=\"list\">\n<li>Inventaire des composants livr\u00e9s et v\u00e9rification par rapport \u00e0 la liasse du bon de commande<\/li>\n<li>V\u00e9rification de la conformit\u00e9 de la documentation du fabricant (plaque signal\u00e9tique, bon de livraison)<\/li>\n<li>V\u00e9rification de la conformit\u00e9 de la documentation d&rsquo;exploitation (manuel d&rsquo;utilisation)<\/li>\n<li>V\u00e9rification du montage et de la conformit\u00e9 de l&rsquo;installation par rapport aux plans divers (le cas \u00e9ch\u00e9ant)<\/li>\n<li>Pr\u00e9sentation des pi\u00e8ces justifiant la formation des utilisateurs<\/li>\n<li>Consignation des donn\u00e9es d&rsquo;essai dans le cadre du test initial conform\u00e9ment aux normes DIN VDE 0700 Partie 1 et EN 60335-3<\/li>\n<\/ul>\n\t\t\t\t\t\t\t\t<\/div>\n\t\t\t\t<\/div>\n\t\t\t\t<div class=\"elementor-element elementor-element-82ac0f5 elementor-widget elementor-widget-text-editor\" data-id=\"82ac0f5\" data-element_type=\"widget\" data-e-type=\"widget\" data-widget_type=\"text-editor.default\">\n\t\t\t\t<div class=\"elementor-widget-container\">\n\t\t\t\t\t\t\t\t\t<div id=\"c293\" class=\"csc-default\">\n<p>Une fois que le processus de <b>certification de l&rsquo;installation QI<\/b> a \u00e9t\u00e9 accompli correctement, la certification est valid\u00e9e par la signature du rapport de certification par les personnes responsables au sein de l&rsquo;\u00e9quipe de certification, puis contresign\u00e9e par l&rsquo;utilisateur de l&rsquo;appareil. Cette proc\u00e9dure cl\u00f4t ainsi le processus ou permet \u00e0 l&rsquo;appareil de passer \u00e0 l&rsquo;\u00e9tape suivante de la certification.<\/p>\n<\/div>\n\t\t\t\t\t\t\t\t<\/div>\n\t\t\t\t<\/div>\n\t\t\t\t<div class=\"elementor-element elementor-element-dc842a9 elementor-widget elementor-widget-heading\" data-id=\"dc842a9\" data-element_type=\"widget\" data-e-type=\"widget\" data-widget_type=\"heading.default\">\n\t\t\t\t<div class=\"elementor-widget-container\">\n\t\t\t\t\t<h3 class=\"elementor-heading-title elementor-size-default\">Certification op\u00e9rationnelle QO<\/h3>\t\t\t\t<\/div>\n\t\t\t\t<\/div>\n\t\t\t\t<div class=\"elementor-element elementor-element-ec7fcfb elementor-widget elementor-widget-text-editor\" data-id=\"ec7fcfb\" data-element_type=\"widget\" data-e-type=\"widget\" data-widget_type=\"text-editor.default\">\n\t\t\t\t<div class=\"elementor-widget-container\">\n\t\t\t\t\t\t\t\t\t<p>La certification op\u00e9rationnelle QO est un processus de test, qui \u00e9value le bon fonctionnement des applications d&rsquo;une installation ou d&rsquo;un appareil. Pendant le processus de certification op\u00e9rationnelle QO, tous les points stipul\u00e9s dans le plan de contr\u00f4le sont trait\u00e9s et consign\u00e9s, afin de s&rsquo;assurer que le syst\u00e8me fonctionne conform\u00e9ment aux directives. La certification op\u00e9rationnelle ne peut \u00eatre mise en \u0153uvre qu&rsquo;apr\u00e8s l&rsquo;obtention de la certification de l&rsquo;installation QI. La r\u00e9alisation (satisfaisante) de la certification op\u00e9rationnelle QO est une condition pr\u00e9alable \u00e0 la validation technique d&rsquo;une installation ou d&rsquo;un appareil. La documentation aff\u00e9rente \u00e0 la certification op\u00e9rationnelle comprend en r\u00e8gle g\u00e9n\u00e9rale les documents suivants:<\/p>\n<div class=\"csc-textpic-text\">\n<p>Plan de contr\u00f4le QO: informations d\u00e9taill\u00e9es concernant les tests \u00e0 mettre en \u0153uvre au niveau de chaque appareil au titre de la certification op\u00e9rationnelle QO. Ce plan de contr\u00f4le contient \u00e9galement le d\u00e9tail des donn\u00e9es relatives au d\u00e9roulement des tests.<\/p>\n<\/div>\n<p>Rapport QO: \u00e0 l&rsquo;issue de la certification op\u00e9rationnelle QO, les r\u00e9sultats sont compil\u00e9s, \u00e9valu\u00e9s et int\u00e9gr\u00e9s dans un rapport QO. Toutes les anomalies et les mesures mises en \u0153uvre pour y rem\u00e9dier sont consign\u00e9es. Apr\u00e8s correction des anomalies, ces derni\u00e8res sont de nouveau soumises \u00e0 un contr\u00f4le, consign\u00e9es et \u00e9valu\u00e9es dans un nouveau rapport QO.<\/p>\n\t\t\t\t\t\t\t\t<\/div>\n\t\t\t\t<\/div>\n\t\t\t\t<div class=\"elementor-element elementor-element-708502b elementor-widget elementor-widget-heading\" data-id=\"708502b\" data-element_type=\"widget\" data-e-type=\"widget\" data-widget_type=\"heading.default\">\n\t\t\t\t<div class=\"elementor-widget-container\">\n\t\t\t\t\t<h4 class=\"elementor-heading-title elementor-size-default\">Champ d'application de la certification op\u00e9rationnelle QO<\/h4>\t\t\t\t<\/div>\n\t\t\t\t<\/div>\n\t\t\t\t<div class=\"elementor-element elementor-element-5acf839 elementor-widget elementor-widget-text-editor\" data-id=\"5acf839\" data-element_type=\"widget\" data-e-type=\"widget\" data-widget_type=\"text-editor.default\">\n\t\t\t\t<div class=\"elementor-widget-container\">\n\t\t\t\t\t\t\t\t\t<p>La certification op\u00e9rationnelle OQ comprend l&rsquo;identification et la v\u00e9rification des fonctions susceptibles d&rsquo;affecter la qualit\u00e9, telles que l&rsquo;alarme, la r\u00e9gulation et la commutation:<\/p>\n<ul class=\"list\">\n<li>V\u00e9rification des unit\u00e9s d&rsquo;affichage et des diodes de signalisation<\/li>\n<li>V\u00e9rification de la r\u00e9gulation thermique et de sa stabilit\u00e9<\/li>\n<li>V\u00e9rification des dispositifs d&rsquo;alarme et de s\u00e9curit\u00e9 en cas d&rsquo;exc\u00e8s ou d&rsquo;insuffisance de temp\u00e9rature<\/li>\n<li>V\u00e9rification de la r\u00e9gulation de la pression et de l&rsquo;atmosph\u00e8re \u00e0 vide (le cas \u00e9ch\u00e9ant)<\/li>\n<li>V\u00e9rification de la r\u00e9gulation de CO2 (le cas \u00e9ch\u00e9ant)<\/li>\n<li>V\u00e9rification de la r\u00e9gulation et de la mesure de l&rsquo;hygrom\u00e9trie (le cas \u00e9ch\u00e9ant)<\/li>\n<li>V\u00e9rification du pilotage du r\u00e9gime du ventilateur (le cas \u00e9ch\u00e9ant)<\/li>\n<li>V\u00e9rification du pilotage du clapet d&rsquo;air \u00e0 servomoteur (le cas \u00e9ch\u00e9ant)<\/li>\n<li>V\u00e9rification du lecteur de cartes (le cas \u00e9ch\u00e9ant)<\/li>\n<li>V\u00e9rification de la r\u00e9partition de la temp\u00e9rature ambiante conform\u00e9ment \u00e0 la norme DIN 12880:2007-05<\/li>\n<\/ul>\n\t\t\t\t\t\t\t\t<\/div>\n\t\t\t\t<\/div>\n\t\t\t\t<div class=\"elementor-element elementor-element-1fdd9ca elementor-widget elementor-widget-text-editor\" data-id=\"1fdd9ca\" data-element_type=\"widget\" data-e-type=\"widget\" data-widget_type=\"text-editor.default\">\n\t\t\t\t<div class=\"elementor-widget-container\">\n\t\t\t\t\t\t\t\t\t<div id=\"c294\" class=\"csc-default\">\n<p>Une fois que le processus de certification op\u00e9rationnelle QO a \u00e9t\u00e9 accompli correctement, la certification est valid\u00e9e par la signature du rapport de certification par les personnes responsables au sein de l&rsquo;\u00e9quipe de certification, puis contresign\u00e9e par l&rsquo;utilisateur de l&rsquo;appareil. Cette proc\u00e9dure cl\u00f4t ainsi le processus ou valide la mise en service de l&rsquo;appareil.<\/p>\n<\/div>\n\t\t\t\t\t\t\t\t<\/div>\n\t\t\t\t<\/div>\n\t\t\t\t<div class=\"elementor-element elementor-element-cbb3254 elementor-widget elementor-widget-heading\" data-id=\"cbb3254\" data-element_type=\"widget\" data-e-type=\"widget\" data-widget_type=\"heading.default\">\n\t\t\t\t<div class=\"elementor-widget-container\">\n\t\t\t\t\t<h3 class=\"elementor-heading-title elementor-size-default\">Certification de performance PQ<\/h3>\t\t\t\t<\/div>\n\t\t\t\t<\/div>\n\t\t\t\t<div class=\"elementor-element elementor-element-34d20a9 elementor-widget elementor-widget-text-editor\" data-id=\"34d20a9\" data-element_type=\"widget\" data-e-type=\"widget\" data-widget_type=\"text-editor.default\">\n\t\t\t\t<div class=\"elementor-widget-container\">\n\t\t\t\t\t\t\t\t\t<p>La certification de performance PQ des appareils de laboratoire fait partie int\u00e9grante de la validation de l&rsquo;ensemble des processus de production sur une p\u00e9riode donn\u00e9e et pour un produit sp\u00e9cifique. Elle a pour objectif de v\u00e9rifier et de d\u00e9crire la capacit\u00e9 des appareils et des syst\u00e8mes \u00e0 fournir des r\u00e9sultats reproductibles dans l&rsquo;ensemble d&rsquo;une plage de fonctionnement pr\u00e9vue dans la limite des valeurs d\u00e9finies. Les appareils et les syst\u00e8mes ne sont pas inspect\u00e9s de fa\u00e7on individuelle, mais sont syst\u00e9matiquement int\u00e9gr\u00e9s dans le cadre d&rsquo;un processus global ou partiel. Bien que la certification PQ comprenne g\u00e9n\u00e9ralement des tests OQ effectu\u00e9s dans des conditions propres aux processus (comme dans le cas d&rsquo;une st\u00e9rilisation par air chaud avec une charge), il convient d&rsquo;\u00e9laborer un plan de test d\u00e9taill\u00e9 \u00e0 partir d&rsquo;une description compl\u00e8te du processus, en tout \u00e9tat de cause avant que la validation ne commence.<\/p>\n\t\t\t\t\t\t\t\t<\/div>\n\t\t\t\t<\/div>\n\t\t\t\t<div class=\"elementor-element elementor-element-62805bc elementor-widget elementor-widget-heading\" data-id=\"62805bc\" data-element_type=\"widget\" data-e-type=\"widget\" data-widget_type=\"heading.default\">\n\t\t\t\t<div class=\"elementor-widget-container\">\n\t\t\t\t\t<h4 class=\"elementor-heading-title elementor-size-default\">La certification de performance PQ comprend les \u00e9tapes suivantes :<\/h4>\t\t\t\t<\/div>\n\t\t\t\t<\/div>\n\t\t\t\t<div class=\"elementor-element elementor-element-b774434 elementor-widget elementor-widget-text-editor\" data-id=\"b774434\" data-element_type=\"widget\" data-e-type=\"widget\" data-widget_type=\"text-editor.default\">\n\t\t\t\t<div class=\"elementor-widget-container\">\n\t\t\t\t\t\t\t\t\t<ul class=\"list\">\n<li>Confirmation, dans les conditions r\u00e9elles des processus, que l&rsquo;appareil ou l&rsquo;ensemble de la proc\u00e9dure impliquant le produit permet de g\u00e9n\u00e9rer les r\u00e9sultats attendus et d\u00e9finis<\/li>\n<li>La port\u00e9e de la certification PQ peut \u00eatre d\u00e9finie \u00e0 partir des besoins de l&rsquo;op\u00e9rateur (cahier des charges) ou des exigences propres aux normes ou aux lois<\/li>\n<li>Confirmation, \u00e0 partir de tests physiques, que les valeurs de seuil d\u00e9finies en mati\u00e8re d&rsquo;homog\u00e9n\u00e9it\u00e9 et de stabilit\u00e9 sont respect\u00e9es par le produit<\/li>\n<li>Consignation de la proc\u00e9dure et des r\u00e9sultats dans le rapport de certification (\u00e0 partir d&rsquo;une description d\u00e9taill\u00e9e et, le cas \u00e9ch\u00e9ant, d&rsquo;illustrations)<\/li>\n<li>VALIDATION par la r\u00e9p\u00e9tition et la reproduction des processus \u00e0 plusieurs reprises (la plupart du temps, trois fois pour les techniques pharmaceutiques\/m\u00e9dicales)<\/li>\n<\/ul>\n\t\t\t\t\t\t\t\t<\/div>\n\t\t\t\t<\/div>\n\t\t\t\t<div class=\"elementor-element elementor-element-bea3d84 elementor-widget elementor-widget-text-editor\" data-id=\"bea3d84\" data-element_type=\"widget\" data-e-type=\"widget\" data-widget_type=\"text-editor.default\">\n\t\t\t\t<div class=\"elementor-widget-container\">\n\t\t\t\t\t\t\t\t\t<div class=\"col-sm-8 col-print-12 content\">\n<div id=\"c295\" class=\"csc-default\">\n<p>La pr\u00e9paration \u00e0 une certification de performance PQ, ainsi que la validation elle-m\u00eame sont des processus tr\u00e8s fastidieux et consommateurs de temps. Si vous envisagez de faire appel \u00e0 Memmert pour pr\u00e9parer le passage d&rsquo;une certification PQ, veuillez prendre contact avec nous relativement t\u00f4t. Merci d&rsquo;envoyer votre demande \u00e0 notre service Assurance qualit\u00e9 \u00e0 l&rsquo;adresse <a class=\"mail\" title=\"Ouvre une fen\u00eatre permettant d'envoyer l'e-mail\" href=\"mailto:info@memmert.be\"><i class=\"fa fa-envelope-o\"><\/i>\u00a0info@memmert.be<\/a><\/p>\n<\/div>\n<\/div>\n\t\t\t\t\t\t\t\t<\/div>\n\t\t\t\t<\/div>\n\t\t\t\t\t<\/div>\n\t\t<\/div>\n\t\t\t\t<div class=\"elementor-column elementor-col-33 elementor-top-column elementor-element elementor-element-12a41b9\" data-id=\"12a41b9\" data-element_type=\"column\" data-e-type=\"column\">\n\t\t\t<div class=\"elementor-widget-wrap elementor-element-populated\">\n\t\t\t\t\t\t<div class=\"elementor-element elementor-element-2f3c737 nav-sub elementor-widget elementor-widget-global elementor-global-39658 elementor-global-580 elementor-widget-wp-widget-nav_menu\" data-id=\"2f3c737\" data-element_type=\"widget\" data-e-type=\"widget\" data-widget_type=\"wp-widget-nav_menu.default\">\n\t\t\t\t<div class=\"elementor-widget-container\">\n\t\t\t\t\t<h5>Waarom Memmert<\/h5><nav class=\"menu-pourquoi-memmert-container\" aria-label=\"Waarom Memmert\"><ul id=\"menu-pourquoi-memmert\" class=\"menu\"><li id=\"menu-item-5250\" class=\"menu-item menu-item-type-post_type menu-item-object-page menu-item-has-children menu-item-5250\"><a href=\"https:\/\/www.memmert.be\/fr\/pourquoi-memmert\/societe-avec-tradition\/\">Soci\u00e9t\u00e9 avec tradition<\/a>\n<ul class=\"sub-menu\">\n\t<li id=\"menu-item-5252\" class=\"menu-item menu-item-type-post_type menu-item-object-page menu-item-5252\"><a href=\"https:\/\/www.memmert.be\/fr\/pourquoi-memmert\/societe-avec-tradition\/histoire\/\">Histoire<\/a><\/li>\n\t<li id=\"menu-item-5253\" class=\"menu-item menu-item-type-post_type menu-item-object-page menu-item-5253\"><a href=\"https:\/\/www.memmert.be\/fr\/pourquoi-memmert\/societe-avec-tradition\/notre-mission\/\">Notre mission<\/a><\/li>\n\t<li id=\"menu-item-5254\" class=\"menu-item menu-item-type-post_type menu-item-object-page menu-item-has-children menu-item-5254\"><a href=\"https:\/\/www.memmert.be\/fr\/pourquoi-memmert\/societe-avec-tradition\/qualite\/\">Qualit\u00e9<\/a>\n\t<ul class=\"sub-menu\">\n\t\t<li id=\"menu-item-5255\" class=\"menu-item menu-item-type-post_type menu-item-object-page menu-item-5255\"><a href=\"https:\/\/www.memmert.be\/fr\/pourquoi-memmert\/societe-avec-tradition\/qualite\/validation-sterilisateur\/\">Validation St\u00e9rilisateur<\/a><\/li>\n\t\t<li id=\"menu-item-5256\" class=\"menu-item menu-item-type-post_type menu-item-object-page menu-item-5256\"><a href=\"https:\/\/www.memmert.be\/fr\/pourquoi-memmert\/societe-avec-tradition\/qualite\/din-12880\/\">DIN 12880<\/a><\/li>\n\t\t<li id=\"menu-item-5257\" class=\"menu-item menu-item-type-post_type menu-item-object-page menu-item-5257\"><a href=\"https:\/\/www.memmert.be\/fr\/pourquoi-memmert\/societe-avec-tradition\/qualite\/tests-de-qualite\/\">Tests de qualit\u00e9<\/a><\/li>\n\t<\/ul>\n<\/li>\n<\/ul>\n<\/li>\n<li id=\"menu-item-5258\" class=\"menu-item menu-item-type-post_type menu-item-object-page menu-item-5258\"><a href=\"https:\/\/www.memmert.be\/fr\/pourquoi-memmert\/myatmosafe\/\">myAtmoSAFE<\/a><\/li>\n<li id=\"menu-item-5259\" class=\"menu-item menu-item-type-post_type menu-item-object-page menu-item-5259\"><a href=\"https:\/\/www.memmert.be\/fr\/pourquoi-memmert\/5-bonnes-raisons\/\">5 bonnes raisons<\/a><\/li>\n<li id=\"menu-item-5260\" class=\"menu-item menu-item-type-post_type menu-item-object-page menu-item-has-children menu-item-5260\"><a href=\"https:\/\/www.memmert.be\/fr\/pourquoi-memmert\/leader-dans-le-domaine-de-linnovation\/\">Leader dans le domaine de l&rsquo;innovation<\/a>\n<ul class=\"sub-menu\">\n\t<li id=\"menu-item-39726\" class=\"menu-item menu-item-type-post_type menu-item-object-page menu-item-39726\"><a href=\"https:\/\/www.memmert.be\/fr\/comparaison-des-technologies-peltier-a-compresseur\/\">Comparaison des technologies Peltier \u00e0 compresseur<\/a><\/li>\n\t<li id=\"menu-item-5264\" class=\"menu-item menu-item-type-post_type menu-item-object-page menu-item-5264\"><a href=\"https:\/\/www.memmert.be\/fr\/pourquoi-memmert\/leader-dans-le-domaine-de-linnovation\/single-twindisplay\/\">Single\/TwinDISPLAY<\/a><\/li>\n\t<li id=\"menu-item-5263\" class=\"menu-item menu-item-type-post_type menu-item-object-page menu-item-5263\"><a href=\"https:\/\/www.memmert.be\/fr\/pourquoi-memmert\/leader-dans-le-domaine-de-linnovation\/atmocontrol\/\">AtmoCONTROL<\/a><\/li>\n\t<li id=\"menu-item-5262\" class=\"menu-item menu-item-type-post_type menu-item-object-page menu-item-5262\"><a href=\"https:\/\/www.memmert.be\/fr\/pourquoi-memmert\/leader-dans-le-domaine-de-linnovation\/chauffage-complet-des-surfaces\/\">Chauffage complet des surfaces<\/a><\/li>\n\t<li id=\"menu-item-5261\" class=\"menu-item menu-item-type-post_type menu-item-object-page menu-item-5261\"><a href=\"https:\/\/www.memmert.be\/fr\/pourquoi-memmert\/leader-dans-le-domaine-de-linnovation\/concept-de-chauffage-direct-avec-le-modele-vo\/\">Concept de chauffage direct avec le mod\u00e8le VO<\/a><\/li>\n\t<li id=\"menu-item-5265\" class=\"menu-item menu-item-type-post_type menu-item-object-page menu-item-5265\"><a href=\"https:\/\/www.memmert.be\/fr\/pourquoi-memmert\/leader-dans-le-domaine-de-linnovation\/fluide-frigorigene-respectueux-du-climat-co2-r744\/\">Fluide frigorig\u00e8ne respectueux du climat CO2 (R744)<\/a><\/li>\n\t<li id=\"menu-item-5266\" class=\"menu-item menu-item-type-post_type menu-item-object-page menu-item-5266\"><a href=\"https:\/\/www.memmert.be\/fr\/pourquoi-memmert\/leader-dans-le-domaine-de-linnovation\/concept-de-chauffage-peltier\/\">Concept de chauffage Peltier<\/a><\/li>\n\t<li id=\"menu-item-5267\" class=\"menu-item menu-item-type-post_type menu-item-object-page menu-item-5267\"><a href=\"https:\/\/www.memmert.be\/fr\/pourquoi-memmert\/leader-dans-le-domaine-de-linnovation\/concept-de-chauffage-par-manteau-dair\/\">Concept de chauffage par manteau d&rsquo;air<\/a><\/li>\n\t<li id=\"menu-item-5268\" class=\"menu-item menu-item-type-post_type menu-item-object-page menu-item-5268\"><a href=\"https:\/\/www.memmert.be\/fr\/pourquoi-memmert\/leader-dans-le-domaine-de-linnovation\/celsius\/\">Celsius<\/a><\/li>\n\t<li id=\"menu-item-5269\" class=\"menu-item menu-item-type-post_type menu-item-object-page menu-item-5269\"><a href=\"https:\/\/www.memmert.be\/fr\/pourquoi-memmert\/leader-dans-le-domaine-de-linnovation\/cartes-a-puce\/\">Cartes \u00e0 puce<\/a><\/li>\n\t<li id=\"menu-item-5270\" class=\"menu-item menu-item-type-post_type menu-item-object-page menu-item-5270\"><a href=\"https:\/\/www.memmert.be\/fr\/pourquoi-memmert\/leader-dans-le-domaine-de-linnovation\/iq-oq-pq\/\">IQ\/OQ\/PQ<\/a><\/li>\n<\/ul>\n<\/li>\n<\/ul><\/nav>\t\t\t\t<\/div>\n\t\t\t\t<\/div>\n\t\t\t\t\t<\/div>\n\t\t<\/div>\n\t\t\t\t\t<\/div>\n\t\t<\/section>\n\t\t\t\t<\/div>\n\t\t","protected":false},"excerpt":{"rendered":"<p>Pr\u00e9paration en vue de la gestion totale de la qualit\u00e9 et des audits clients La certification ou la validation des appareils dans le cadre d&rsquo;un programme de gestion de la qualit\u00e9constitue pour de nombreuses entreprises une condition indispensable lors du [&hellip;]<\/p>\n","protected":false},"author":1,"featured_media":0,"parent":4868,"menu_order":0,"comment_status":"closed","ping_status":"closed","template":"","meta":{"_acf_changed":false,"_exactmetrics_skip_tracking":false,"_exactmetrics_sitenote_active":false,"_exactmetrics_sitenote_note":"","_exactmetrics_sitenote_category":0,"footnotes":""},"class_list":["post-4872","page","type-page","status-publish","hentry"],"acf":[],"_links":{"self":[{"href":"https:\/\/www.memmert.be\/fr\/wp-json\/wp\/v2\/pages\/4872","targetHints":{"allow":["GET"]}}],"collection":[{"href":"https:\/\/www.memmert.be\/fr\/wp-json\/wp\/v2\/pages"}],"about":[{"href":"https:\/\/www.memmert.be\/fr\/wp-json\/wp\/v2\/types\/page"}],"author":[{"embeddable":true,"href":"https:\/\/www.memmert.be\/fr\/wp-json\/wp\/v2\/users\/1"}],"replies":[{"embeddable":true,"href":"https:\/\/www.memmert.be\/fr\/wp-json\/wp\/v2\/comments?post=4872"}],"version-history":[{"count":1,"href":"https:\/\/www.memmert.be\/fr\/wp-json\/wp\/v2\/pages\/4872\/revisions"}],"predecessor-version":[{"id":4873,"href":"https:\/\/www.memmert.be\/fr\/wp-json\/wp\/v2\/pages\/4872\/revisions\/4873"}],"up":[{"embeddable":true,"href":"https:\/\/www.memmert.be\/fr\/wp-json\/wp\/v2\/pages\/4868"}],"wp:attachment":[{"href":"https:\/\/www.memmert.be\/fr\/wp-json\/wp\/v2\/media?parent=4872"}],"curies":[{"name":"wp","href":"https:\/\/api.w.org\/{rel}","templated":true}]}}